{"id":10930,"date":"2019-05-25T09:57:47","date_gmt":"2019-05-25T09:57:10","guid":{"rendered":"https:\/\/explorit.ch\/willkommen-zurich-volketswil-2\/"},"modified":"2020-06-29T14:20:49","modified_gmt":"2020-06-29T12:20:49","slug":"kidsclub","status":"publish","type":"page","link":"https:\/\/explorit.ch\/de\/volketswil\/kidsclub\/","title":{"rendered":"Kids&#8217;Club"},"content":{"rendered":"\t\t<div data-elementor-type=\"wp-post\" data-elementor-id=\"10930\" class=\"elementor elementor-10930\" data-elementor-post-type=\"page\">\n\t\t\t\t\t\t<section class=\"elementor-section elementor-top-section elementor-element elementor-element-b5a5aee elementor-section-stretched elementor-section-full_width elementor-section-height-default elementor-section-height-default\" data-id=\"b5a5aee\" data-element_type=\"section\" data-settings=\"{&quot;stretch_section&quot;:&quot;section-stretched&quot;,&quot;background_background&quot;:&quot;classic&quot;}\">\n\t\t\t\t\t\t<div class=\"elementor-container elementor-column-gap-wide\">\n\t\t\t\t\t<div class=\"elementor-column elementor-col-100 elementor-top-column elementor-element elementor-element-f9c4e45\" data-id=\"f9c4e45\" data-element_type=\"column\">\n\t\t\t<div class=\"elementor-widget-wrap elementor-element-populated\">\n\t\t\t\t\t\t<div class=\"elementor-element elementor-element-b8cfe3e elementor-widget elementor-widget-spacer\" data-id=\"b8cfe3e\" data-element_type=\"widget\" data-widget_type=\"spacer.default\">\n\t\t\t\t<div class=\"elementor-widget-container\">\n\t\t\t\t\t\t\t<div class=\"elementor-spacer\">\n\t\t\t<div class=\"elementor-spacer-inner\"><\/div>\n\t\t<\/div>\n\t\t\t\t\t\t<\/div>\n\t\t\t\t<\/div>\n\t\t\t\t\t<\/div>\n\t\t<\/div>\n\t\t\t\t\t<\/div>\n\t\t<\/section>\n\t\t\t\t<section class=\"elementor-section elementor-top-section elementor-element elementor-element-fba6984 elementor-section-height-min-height elementor-section-content-middle elementor-section-boxed elementor-section-height-default elementor-section-items-middle\" data-id=\"fba6984\" data-element_type=\"section\" data-settings=\"{&quot;background_background&quot;:&quot;classic&quot;}\">\n\t\t\t\t\t\t\t<div class=\"elementor-background-overlay\"><\/div>\n\t\t\t\t\t\t\t<div class=\"elementor-container elementor-column-gap-no\">\n\t\t\t\t\t<div class=\"elementor-column elementor-col-100 elementor-top-column elementor-element elementor-element-cb409ea\" data-id=\"cb409ea\" data-element_type=\"column\" data-settings=\"{&quot;background_background&quot;:&quot;classic&quot;}\">\n\t\t\t<div class=\"elementor-widget-wrap elementor-element-populated\">\n\t\t\t\t\t\t<section class=\"elementor-section elementor-top-section elementor-element elementor-element-110141b elementor-section-height-min-height elementor-section-content-middle elementor-section-boxed elementor-section-height-default elementor-section-items-middle\" data-id=\"110141b\" data-element_type=\"section\" data-settings=\"{&quot;background_background&quot;:&quot;classic&quot;}\">\n\t\t\t\t\t\t\t<div class=\"elementor-background-overlay\"><\/div>\n\t\t\t\t\t\t\t<div class=\"elementor-container elementor-column-gap-no\">\n\t\t\t\t\t<div class=\"elementor-column elementor-col-100 elementor-top-column elementor-element elementor-element-1644216\" data-id=\"1644216\" data-element_type=\"column\" data-settings=\"{&quot;background_background&quot;:&quot;classic&quot;}\">\n\t\t\t<div class=\"elementor-widget-wrap elementor-element-populated\">\n\t\t\t\t\t\t<section class=\"elementor-section elementor-inner-section elementor-element elementor-element-4904ca9 elementor-section-boxed elementor-section-height-default elementor-section-height-default\" data-id=\"4904ca9\" data-element_type=\"section\" data-settings=\"{&quot;background_background&quot;:&quot;classic&quot;}\">\n\t\t\t\t\t\t<div class=\"elementor-container elementor-column-gap-default\">\n\t\t\t\t\t<div class=\"elementor-column elementor-col-100 elementor-inner-column elementor-element elementor-element-8f28fda\" data-id=\"8f28fda\" data-element_type=\"column\">\n\t\t\t<div class=\"elementor-widget-wrap elementor-element-populated\">\n\t\t\t\t\t\t<div class=\"elementor-element elementor-element-2ebe99d elementor-widget elementor-widget-image\" data-id=\"2ebe99d\" data-element_type=\"widget\" data-widget_type=\"image.default\">\n\t\t\t\t<div class=\"elementor-widget-container\">\n\t\t\t\t\t\t\t\t\t\t\t\t\t\t\t<img fetchpriority=\"high\" decoding=\"async\" width=\"500\" height=\"248\" src=\"https:\/\/explorit.ch\/wp-content\/uploads\/2018\/10\/logo_kidsclub-1.png\" class=\"attachment-large size-large wp-image-369\" alt=\"\" srcset=\"https:\/\/explorit.ch\/wp-content\/uploads\/2018\/10\/logo_kidsclub-1.png 500w, https:\/\/explorit.ch\/wp-content\/uploads\/2018\/10\/logo_kidsclub-1-300x149.png 300w\" sizes=\"(max-width: 500px) 100vw, 500px\" \/>\t\t\t\t\t\t\t\t\t\t\t\t\t\t\t<\/div>\n\t\t\t\t<\/div>\n\t\t\t\t\t<\/div>\n\t\t<\/div>\n\t\t\t\t\t<\/div>\n\t\t<\/section>\n\t\t\t\t<div class=\"elementor-element elementor-element-5244ffe elementor-widget elementor-widget-text-editor\" data-id=\"5244ffe\" data-element_type=\"widget\" data-widget_type=\"text-editor.default\">\n\t\t\t\t<div class=\"elementor-widget-container\">\n\t\t\t\t\t\t\t\t\tKinderwelt\t\t\t\t\t\t\t\t<\/div>\n\t\t\t\t<\/div>\n\t\t\t\t<div class=\"elementor-element elementor-element-0d8496e elementor-widget-divider--view-line elementor-widget elementor-widget-divider\" data-id=\"0d8496e\" data-element_type=\"widget\" data-widget_type=\"divider.default\">\n\t\t\t\t<div class=\"elementor-widget-container\">\n\t\t\t\t\t\t\t<div class=\"elementor-divider\">\n\t\t\t<span class=\"elementor-divider-separator\">\n\t\t\t\t\t\t<\/span>\n\t\t<\/div>\n\t\t\t\t\t\t<\/div>\n\t\t\t\t<\/div>\n\t\t\t\t<div class=\"elementor-element elementor-element-ed5c837 elementor-widget elementor-widget-text-editor\" data-id=\"ed5c837\" data-element_type=\"widget\" data-widget_type=\"text-editor.default\">\n\t\t\t\t<div class=\"elementor-widget-container\">\n\t\t\t\t\t\t\t\t\t<p>Geburtstagskinder feiern, spielen und basteln mit ihren Freunden je nach Wunsch und verbringen eine unvergessliche Zeit im EXPLORiT Kids\u2019Club, wo sie spielerisch die Wissenschaft entdecken k\u00f6nnen.<\/p><p>F\u00fcr die <a href=\"https:\/\/explorit.ch\/volketswil\/kidsclub\/geburtstage\/\">Geburtstagsparty<\/a> kann eines von sieben Paketen gew\u00e4hlt werden, oder wir stellen ein eigenes individuelles Programm zusammen.<\/p>\t\t\t\t\t\t\t\t<\/div>\n\t\t\t\t<\/div>\n\t\t\t\t<section class=\"elementor-section elementor-inner-section elementor-element elementor-element-31a60a9 elementor-section-boxed elementor-section-height-default elementor-section-height-default\" data-id=\"31a60a9\" data-element_type=\"section\">\n\t\t\t\t\t\t<div class=\"elementor-container elementor-column-gap-default\">\n\t\t\t\t\t<div class=\"elementor-column elementor-col-33 elementor-inner-column elementor-element elementor-element-688c265 elementor-invisible\" data-id=\"688c265\" data-element_type=\"column\" data-settings=\"{&quot;background_background&quot;:&quot;classic&quot;,&quot;animation&quot;:&quot;zoomIn&quot;}\">\n\t\t\t<div class=\"elementor-widget-wrap elementor-element-populated\">\n\t\t\t\t\t\t<div class=\"elementor-element elementor-element-e423bb7 elementor-widget elementor-widget-heading\" data-id=\"e423bb7\" data-element_type=\"widget\" data-widget_type=\"heading.default\">\n\t\t\t\t<div class=\"elementor-widget-container\">\n\t\t\t\t\t<h1 class=\"elementor-heading-title elementor-size-default\">FABRIKATALIERS\u200b<\/h1>\t\t\t\t<\/div>\n\t\t\t\t<\/div>\n\t\t\t\t<div class=\"elementor-element elementor-element-f6fd22f elementor-widget elementor-widget-image\" data-id=\"f6fd22f\" data-element_type=\"widget\" data-widget_type=\"image.default\">\n\t\t\t\t<div class=\"elementor-widget-container\">\n\t\t\t\t\t\t\t\t\t\t\t\t\t\t\t<img decoding=\"async\" width=\"500\" height=\"500\" src=\"https:\/\/explorit.ch\/wp-content\/uploads\/2018\/10\/bastel.jpg\" class=\"attachment-medium_large size-medium_large wp-image-2725\" alt=\"\" srcset=\"https:\/\/explorit.ch\/wp-content\/uploads\/2018\/10\/bastel.jpg 500w, https:\/\/explorit.ch\/wp-content\/uploads\/2018\/10\/bastel-150x150.jpg 150w, https:\/\/explorit.ch\/wp-content\/uploads\/2018\/10\/bastel-300x300.jpg 300w, https:\/\/explorit.ch\/wp-content\/uploads\/2018\/10\/bastel-45x45.jpg 45w\" sizes=\"(max-width: 500px) 100vw, 500px\" \/>\t\t\t\t\t\t\t\t\t\t\t\t\t\t\t<\/div>\n\t\t\t\t<\/div>\n\t\t\t\t<div class=\"elementor-element elementor-element-9928811 elementor-align-center elementor-mobile-align-center elementor-widget elementor-widget-button\" data-id=\"9928811\" data-element_type=\"widget\" data-widget_type=\"button.default\">\n\t\t\t\t<div class=\"elementor-widget-container\">\n\t\t\t\t\t\t\t\t\t<div class=\"elementor-button-wrapper\">\n\t\t\t\t\t<a class=\"elementor-button elementor-button-link elementor-size-sm elementor-animation-sink\" href=\"\/volketswil\/kidsclub\/fabrikateliers\/\">\n\t\t\t\t\t\t<span class=\"elementor-button-content-wrapper\">\n\t\t\t\t\t\t\t\t\t<span class=\"elementor-button-text\">Alle ATELIERS<\/span>\n\t\t\t\t\t<\/span>\n\t\t\t\t\t<\/a>\n\t\t\t\t<\/div>\n\t\t\t\t\t\t\t\t<\/div>\n\t\t\t\t<\/div>\n\t\t\t\t\t<\/div>\n\t\t<\/div>\n\t\t\t\t<div class=\"elementor-column elementor-col-33 elementor-inner-column elementor-element elementor-element-a89de78 elementor-invisible\" data-id=\"a89de78\" data-element_type=\"column\" data-settings=\"{&quot;background_background&quot;:&quot;classic&quot;,&quot;animation&quot;:&quot;zoomIn&quot;}\">\n\t\t\t<div class=\"elementor-widget-wrap elementor-element-populated\">\n\t\t\t\t\t\t<div class=\"elementor-element elementor-element-0a61106 elementor-widget elementor-widget-heading\" data-id=\"0a61106\" data-element_type=\"widget\" data-widget_type=\"heading.default\">\n\t\t\t\t<div class=\"elementor-widget-container\">\n\t\t\t\t\t<h1 class=\"elementor-heading-title elementor-size-default\">GEBURTSTAGSPARTY\u200b<\/h1>\t\t\t\t<\/div>\n\t\t\t\t<\/div>\n\t\t\t\t<div class=\"elementor-element elementor-element-3dcff5b elementor-widget elementor-widget-image\" data-id=\"3dcff5b\" data-element_type=\"widget\" data-widget_type=\"image.default\">\n\t\t\t\t<div class=\"elementor-widget-container\">\n\t\t\t\t\t\t\t\t\t\t\t\t\t\t\t<img decoding=\"async\" width=\"500\" height=\"500\" src=\"https:\/\/explorit.ch\/wp-content\/uploads\/2018\/10\/Kids_Party.jpg\" class=\"attachment-medium_large size-medium_large wp-image-4210\" alt=\"\" srcset=\"https:\/\/explorit.ch\/wp-content\/uploads\/2018\/10\/Kids_Party.jpg 500w, https:\/\/explorit.ch\/wp-content\/uploads\/2018\/10\/Kids_Party-150x150.jpg 150w, https:\/\/explorit.ch\/wp-content\/uploads\/2018\/10\/Kids_Party-300x300.jpg 300w, https:\/\/explorit.ch\/wp-content\/uploads\/2018\/10\/Kids_Party-45x45.jpg 45w\" sizes=\"(max-width: 500px) 100vw, 500px\" \/>\t\t\t\t\t\t\t\t\t\t\t\t\t\t\t<\/div>\n\t\t\t\t<\/div>\n\t\t\t\t<div class=\"elementor-element elementor-element-7f3d309 elementor-align-center elementor-mobile-align-center elementor-widget elementor-widget-button\" data-id=\"7f3d309\" data-element_type=\"widget\" data-widget_type=\"button.default\">\n\t\t\t\t<div class=\"elementor-widget-container\">\n\t\t\t\t\t\t\t\t\t<div class=\"elementor-button-wrapper\">\n\t\t\t\t\t<a class=\"elementor-button elementor-button-link elementor-size-sm elementor-animation-sink\" href=\"\/volketswil\/kidsclub\/geburtstage\/\">\n\t\t\t\t\t\t<span class=\"elementor-button-content-wrapper\">\n\t\t\t\t\t\t\t\t\t<span class=\"elementor-button-text\">Alle Geburtstage<\/span>\n\t\t\t\t\t<\/span>\n\t\t\t\t\t<\/a>\n\t\t\t\t<\/div>\n\t\t\t\t\t\t\t\t<\/div>\n\t\t\t\t<\/div>\n\t\t\t\t\t<\/div>\n\t\t<\/div>\n\t\t\t\t<div class=\"elementor-column elementor-col-33 elementor-inner-column elementor-element elementor-element-6643ba4 elementor-invisible\" data-id=\"6643ba4\" data-element_type=\"column\" data-settings=\"{&quot;background_background&quot;:&quot;classic&quot;,&quot;animation&quot;:&quot;zoomIn&quot;}\">\n\t\t\t<div class=\"elementor-widget-wrap elementor-element-populated\">\n\t\t\t\t\t\t<div class=\"elementor-element elementor-element-1c61fe0 elementor-widget elementor-widget-heading\" data-id=\"1c61fe0\" data-element_type=\"widget\" data-widget_type=\"heading.default\">\n\t\t\t\t<div class=\"elementor-widget-container\">\n\t\t\t\t\t<h1 class=\"elementor-heading-title elementor-size-default\">FERIENCAMP<\/h1>\t\t\t\t<\/div>\n\t\t\t\t<\/div>\n\t\t\t\t<div class=\"elementor-element elementor-element-a42cf5b elementor-widget elementor-widget-image\" data-id=\"a42cf5b\" data-element_type=\"widget\" data-widget_type=\"image.default\">\n\t\t\t\t<div class=\"elementor-widget-container\">\n\t\t\t\t\t\t\t\t\t\t\t\t\t\t\t<img loading=\"lazy\" decoding=\"async\" width=\"500\" height=\"500\" src=\"https:\/\/explorit.ch\/wp-content\/uploads\/2018\/10\/Camp_Kids.jpg\" class=\"attachment-medium_large size-medium_large wp-image-3214\" alt=\"\" srcset=\"https:\/\/explorit.ch\/wp-content\/uploads\/2018\/10\/Camp_Kids.jpg 500w, https:\/\/explorit.ch\/wp-content\/uploads\/2018\/10\/Camp_Kids-150x150.jpg 150w, https:\/\/explorit.ch\/wp-content\/uploads\/2018\/10\/Camp_Kids-300x300.jpg 300w, https:\/\/explorit.ch\/wp-content\/uploads\/2018\/10\/Camp_Kids-45x45.jpg 45w\" sizes=\"(max-width: 500px) 100vw, 500px\" \/>\t\t\t\t\t\t\t\t\t\t\t\t\t\t\t<\/div>\n\t\t\t\t<\/div>\n\t\t\t\t<div class=\"elementor-element elementor-element-41cad3f elementor-align-center elementor-mobile-align-center elementor-widget elementor-widget-button\" data-id=\"41cad3f\" data-element_type=\"widget\" data-widget_type=\"button.default\">\n\t\t\t\t<div class=\"elementor-widget-container\">\n\t\t\t\t\t\t\t\t\t<div class=\"elementor-button-wrapper\">\n\t\t\t\t\t<a class=\"elementor-button elementor-button-link elementor-size-sm elementor-animation-sink\" href=\"\/volketswil\/kidsclub\/feriencamp\/\">\n\t\t\t\t\t\t<span class=\"elementor-button-content-wrapper\">\n\t\t\t\t\t\t\t\t\t<span class=\"elementor-button-text\">LEISTUNG &amp; ANGEBOT<\/span>\n\t\t\t\t\t<\/span>\n\t\t\t\t\t<\/a>\n\t\t\t\t<\/div>\n\t\t\t\t\t\t\t\t<\/div>\n\t\t\t\t<\/div>\n\t\t\t\t\t<\/div>\n\t\t<\/div>\n\t\t\t\t\t<\/div>\n\t\t<\/section>\n\t\t\t\t\t<\/div>\n\t\t<\/div>\n\t\t\t\t\t<\/div>\n\t\t<\/section>\n\t\t\t\t\t<\/div>\n\t\t<\/div>\n\t\t\t\t\t<\/div>\n\t\t<\/section>\n\t\t\t\t<\/div>\n\t\t","protected":false},"excerpt":{"rendered":"<p>Kinderwelt Geburtstagskinder feiern, spielen und basteln mit ihren Freunden je nach Wunsch und verbringen eine unvergessliche Zeit im EXPLORiT Kids\u2019Club, wo sie spielerisch die Wissenschaft entdecken k\u00f6nnen. F\u00fcr die Geburtstagsparty kann eines von sieben Paketen gew\u00e4hlt werden, oder wir stellen ein eigenes individuelles Programm zusammen. FABRIKATALIERS\u200b Alle ATELIERS GEBURTSTAGSPARTY\u200b Alle Geburtstage FERIENCAMP LEISTUNG &#038; ANGEBOT<\/p>\n","protected":false},"author":9,"featured_media":0,"parent":10714,"menu_order":8,"comment_status":"closed","ping_status":"closed","template":"","meta":{"site-sidebar-layout":"no-sidebar","site-content-layout":"page-builder","ast-site-content-layout":"default","site-content-style":"default","site-sidebar-style":"default","ast-global-header-display":"","ast-banner-title-visibility":"","ast-main-header-display":"disabled","ast-hfb-above-header-display":"","ast-hfb-below-header-display":"","ast-hfb-mobile-header-display":"","site-post-title":"disabled","ast-breadcrumbs-content":"","ast-featured-img":"disabled","footer-sml-layout":"","theme-transparent-header-meta":"default","adv-header-id-meta":"","stick-header-meta":"","header-above-stick-meta":"","header-main-stick-meta":"","header-below-stick-meta":"","astra-migrate-meta-layouts":"default","ast-page-background-enabled":"default","ast-page-background-meta":{"desktop":{"background-color":"","background-image":"","background-repeat":"repeat","background-position":"center center","background-size":"auto","background-attachment":"scroll","background-type":"","background-media":"","overlay-type":"","overlay-color":"","overlay-opacity":"","overlay-gradient":""},"tablet":{"background-color":"","background-image":"","background-repeat":"repeat","background-position":"center center","background-size":"auto","background-attachment":"scroll","background-type":"","background-media":"","overlay-type":"","overlay-color":"","overlay-opacity":"","overlay-gradient":""},"mobile":{"background-color":"","background-image":"","background-repeat":"repeat","background-position":"center center","background-size":"auto","background-attachment":"scroll","background-type":"","background-media":"","overlay-type":"","overlay-color":"","overlay-opacity":"","overlay-gradient":""}},"ast-content-background-meta":{"desktop":{"background-color":"var(--ast-global-color-5)","background-image":"","background-repeat":"repeat","background-position":"center center","background-size":"auto","background-attachment":"scroll","background-type":"","background-media":"","overlay-type":"","overlay-color":"","overlay-opacity":"","overlay-gradient":""},"tablet":{"background-color":"var(--ast-global-color-5)","background-image":"","background-repeat":"repeat","background-position":"center center","background-size":"auto","background-attachment":"scroll","background-type":"","background-media":"","overlay-type":"","overlay-color":"","overlay-opacity":"","overlay-gradient":""},"mobile":{"background-color":"var(--ast-global-color-5)","background-image":"","background-repeat":"repeat","background-position":"center center","background-size":"auto","background-attachment":"scroll","background-type":"","background-media":"","overlay-type":"","overlay-color":"","overlay-opacity":"","overlay-gradient":""}},"footnotes":""},"class_list":["post-10930","page","type-page","status-publish","hentry"],"aioseo_notices":[],"_links":{"self":[{"href":"https:\/\/explorit.ch\/de\/wp-json\/wp\/v2\/pages\/10930","targetHints":{"allow":["GET"]}}],"collection":[{"href":"https:\/\/explorit.ch\/de\/wp-json\/wp\/v2\/pages"}],"about":[{"href":"https:\/\/explorit.ch\/de\/wp-json\/wp\/v2\/types\/page"}],"author":[{"embeddable":true,"href":"https:\/\/explorit.ch\/de\/wp-json\/wp\/v2\/users\/9"}],"replies":[{"embeddable":true,"href":"https:\/\/explorit.ch\/de\/wp-json\/wp\/v2\/comments?post=10930"}],"version-history":[{"count":173,"href":"https:\/\/explorit.ch\/de\/wp-json\/wp\/v2\/pages\/10930\/revisions"}],"predecessor-version":[{"id":19733,"href":"https:\/\/explorit.ch\/de\/wp-json\/wp\/v2\/pages\/10930\/revisions\/19733"}],"up":[{"embeddable":true,"href":"https:\/\/explorit.ch\/de\/wp-json\/wp\/v2\/pages\/10714"}],"wp:attachment":[{"href":"https:\/\/explorit.ch\/de\/wp-json\/wp\/v2\/media?parent=10930"}],"curies":[{"name":"wp","href":"https:\/\/api.w.org\/{rel}","templated":true}]}}