{"id":11217,"date":"2019-05-29T10:26:50","date_gmt":"2019-05-29T10:26:29","guid":{"rendered":"https:\/\/explorit.ch\/willkommen-zurich-volketswil\/zh-kindercity-2-2\/"},"modified":"2021-05-19T14:48:40","modified_gmt":"2021-05-19T12:48:40","slug":"kids-garden","status":"publish","type":"page","link":"https:\/\/explorit.ch\/de\/volketswil\/kids-garden\/","title":{"rendered":"Kid&#8217;s Garden"},"content":{"rendered":"\t\t<div data-elementor-type=\"wp-post\" data-elementor-id=\"11217\" class=\"elementor elementor-11217\" data-elementor-post-type=\"page\">\n\t\t\t\t\t\t<section class=\"elementor-section elementor-top-section elementor-element elementor-element-465d3ae elementor-section-stretched elementor-section-full_width elementor-section-height-default elementor-section-height-default\" data-id=\"465d3ae\" data-element_type=\"section\" data-settings=\"{&quot;stretch_section&quot;:&quot;section-stretched&quot;,&quot;background_background&quot;:&quot;classic&quot;}\">\n\t\t\t\t\t\t<div class=\"elementor-container elementor-column-gap-wide\">\n\t\t\t\t\t<div class=\"elementor-column elementor-col-100 elementor-top-column elementor-element elementor-element-778bb47\" data-id=\"778bb47\" data-element_type=\"column\">\n\t\t\t<div class=\"elementor-widget-wrap elementor-element-populated\">\n\t\t\t\t\t\t<div class=\"elementor-element elementor-element-4bd9b4f elementor-widget elementor-widget-spacer\" data-id=\"4bd9b4f\" data-element_type=\"widget\" data-widget_type=\"spacer.default\">\n\t\t\t\t<div class=\"elementor-widget-container\">\n\t\t\t\t\t\t\t<div class=\"elementor-spacer\">\n\t\t\t<div class=\"elementor-spacer-inner\"><\/div>\n\t\t<\/div>\n\t\t\t\t\t\t<\/div>\n\t\t\t\t<\/div>\n\t\t\t\t\t<\/div>\n\t\t<\/div>\n\t\t\t\t\t<\/div>\n\t\t<\/section>\n\t\t\t\t<section class=\"elementor-section elementor-top-section elementor-element elementor-element-b03b3e5 elementor-section-height-min-height elementor-section-content-middle elementor-section-boxed elementor-section-height-default elementor-section-items-middle\" data-id=\"b03b3e5\" data-element_type=\"section\" data-settings=\"{&quot;background_background&quot;:&quot;classic&quot;}\">\n\t\t\t\t\t\t\t<div class=\"elementor-background-overlay\"><\/div>\n\t\t\t\t\t\t\t<div class=\"elementor-container elementor-column-gap-no\">\n\t\t\t\t\t<div class=\"elementor-column elementor-col-100 elementor-top-column elementor-element elementor-element-16a6fee\" data-id=\"16a6fee\" data-element_type=\"column\" data-settings=\"{&quot;background_background&quot;:&quot;classic&quot;}\">\n\t\t\t<div class=\"elementor-widget-wrap elementor-element-populated\">\n\t\t\t\t\t\t<section class=\"elementor-section elementor-inner-section elementor-element elementor-element-370aed6 elementor-section-boxed elementor-section-height-default elementor-section-height-default\" data-id=\"370aed6\" data-element_type=\"section\" data-settings=\"{&quot;background_background&quot;:&quot;classic&quot;}\">\n\t\t\t\t\t\t<div class=\"elementor-container elementor-column-gap-default\">\n\t\t\t\t\t<div class=\"elementor-column elementor-col-100 elementor-inner-column elementor-element elementor-element-faacbfd\" data-id=\"faacbfd\" data-element_type=\"column\">\n\t\t\t<div class=\"elementor-widget-wrap elementor-element-populated\">\n\t\t\t\t\t\t<div class=\"elementor-element elementor-element-73009d7 elementor-widget elementor-widget-image\" data-id=\"73009d7\" data-element_type=\"widget\" data-widget_type=\"image.default\">\n\t\t\t\t<div class=\"elementor-widget-container\">\n\t\t\t\t\t\t\t\t\t\t\t\t\t\t\t<img fetchpriority=\"high\" decoding=\"async\" width=\"500\" height=\"248\" src=\"https:\/\/explorit.ch\/wp-content\/uploads\/2018\/10\/logo_kidsgarden-1.png\" class=\"attachment-large size-large wp-image-370\" alt=\"\" srcset=\"https:\/\/explorit.ch\/wp-content\/uploads\/2018\/10\/logo_kidsgarden-1.png 500w, https:\/\/explorit.ch\/wp-content\/uploads\/2018\/10\/logo_kidsgarden-1-300x149.png 300w\" sizes=\"(max-width: 500px) 100vw, 500px\" \/>\t\t\t\t\t\t\t\t\t\t\t\t\t\t\t<\/div>\n\t\t\t\t<\/div>\n\t\t\t\t<div class=\"elementor-element elementor-element-19031b2 elementor-widget elementor-widget-text-editor\" data-id=\"19031b2\" data-element_type=\"widget\" data-widget_type=\"text-editor.default\">\n\t\t\t\t<div class=\"elementor-widget-container\">\n\t\t\t\t\t\t\t\t\t<p>ACTION UNTER FREIEM HIMMEL<\/p>\t\t\t\t\t\t\t\t<\/div>\n\t\t\t\t<\/div>\n\t\t\t\t<div class=\"elementor-element elementor-element-37c652b elementor-widget-divider--view-line elementor-widget elementor-widget-divider\" data-id=\"37c652b\" data-element_type=\"widget\" data-widget_type=\"divider.default\">\n\t\t\t\t<div class=\"elementor-widget-container\">\n\t\t\t\t\t\t\t<div class=\"elementor-divider\">\n\t\t\t<span class=\"elementor-divider-separator\">\n\t\t\t\t\t\t<\/span>\n\t\t<\/div>\n\t\t\t\t\t\t<\/div>\n\t\t\t\t<\/div>\n\t\t\t\t\t<\/div>\n\t\t<\/div>\n\t\t\t\t\t<\/div>\n\t\t<\/section>\n\t\t\t\t<div class=\"elementor-element elementor-element-4dda5a3 elementor-widget elementor-widget-text-editor\" data-id=\"4dda5a3\" data-element_type=\"widget\" data-widget_type=\"text-editor.default\">\n\t\t\t\t<div class=\"elementor-widget-container\">\n\t\t\t\t\t\t\t\t\t<p>Kindercity hat eine grosse Dachterrasse auf der bei scho\u0308nem Wetter nach Lust und Laune gespielt werden kann &#8211; selber Autofahren wie die Grossen, hoch in die Luft springen mit dem Bungy, eine Runde mit dem Magic-Express-Zug drehen, auf dem Juniorshaker um die Wette klettern oder gem\u00fctlich in der Lounge ein Eis essen.<\/p><p>Die Spielpl\u00e4tze sind ab 10:00 Uhr offen.<\/p><p><strong>Die Aktivit\u00e4ten wie Autofahren, Bungy Jump und Zugfahren sind bei sch\u00f6nem Wetter ab 13:00 Uhr ge\u00f6ffnet. <\/strong>Das Mindestalter f\u00fcr Autofahren und Bungy Jump ist 4 Jahre. \u00a0<\/p>\t\t\t\t\t\t\t\t<\/div>\n\t\t\t\t<\/div>\n\t\t\t\t<div class=\"elementor-element elementor-element-63ab331 elementor-widget elementor-widget-image\" data-id=\"63ab331\" data-element_type=\"widget\" data-widget_type=\"image.default\">\n\t\t\t\t<div class=\"elementor-widget-container\">\n\t\t\t\t\t\t\t\t\t\t\t\t\t\t\t\t<a href=\"https:\/\/explorit.ch\/wp-content\/uploads\/2021\/05\/kidsgarden_horaire.jpg\" data-elementor-open-lightbox=\"yes\" data-elementor-lightbox-title=\"kidsgarden_horaire\" data-e-action-hash=\"#elementor-action%3Aaction%3Dlightbox%26settings%3DeyJpZCI6MjcwNzMsInVybCI6Imh0dHBzOlwvXC9leHBsb3JpdC5jaFwvd3AtY29udGVudFwvdXBsb2Fkc1wvMjAyMVwvMDVcL2tpZHNnYXJkZW5faG9yYWlyZS5qcGcifQ%3D%3D\">\n\t\t\t\t\t\t\t<img decoding=\"async\" width=\"768\" height=\"344\" src=\"https:\/\/explorit.ch\/wp-content\/uploads\/2021\/05\/kidsgarden_horaire-768x344.jpg\" class=\"attachment-medium_large size-medium_large wp-image-27073\" alt=\"\" srcset=\"https:\/\/explorit.ch\/wp-content\/uploads\/2021\/05\/kidsgarden_horaire-768x344.jpg 768w, https:\/\/explorit.ch\/wp-content\/uploads\/2021\/05\/kidsgarden_horaire-300x134.jpg 300w, https:\/\/explorit.ch\/wp-content\/uploads\/2021\/05\/kidsgarden_horaire.jpg 880w\" sizes=\"(max-width: 768px) 100vw, 768px\" \/>\t\t\t\t\t\t\t\t<\/a>\n\t\t\t\t\t\t\t\t\t\t\t\t\t\t\t<\/div>\n\t\t\t\t<\/div>\n\t\t\t\t<section class=\"elementor-section elementor-inner-section elementor-element elementor-element-a8f7ee0 elementor-section-boxed elementor-section-height-default elementor-section-height-default elementor-invisible\" data-id=\"a8f7ee0\" data-element_type=\"section\" data-settings=\"{&quot;background_background&quot;:&quot;classic&quot;,&quot;animation&quot;:&quot;zoomIn&quot;}\">\n\t\t\t\t\t\t<div class=\"elementor-container elementor-column-gap-default\">\n\t\t\t\t\t<div class=\"elementor-column elementor-col-50 elementor-inner-column elementor-element elementor-element-e93099b\" data-id=\"e93099b\" data-element_type=\"column\" data-settings=\"{&quot;animation&quot;:&quot;none&quot;}\">\n\t\t\t<div class=\"elementor-widget-wrap elementor-element-populated\">\n\t\t\t\t\t\t<div class=\"elementor-element elementor-element-aa37224 elementor-widget elementor-widget-image\" data-id=\"aa37224\" data-element_type=\"widget\" data-widget_type=\"image.default\">\n\t\t\t\t<div class=\"elementor-widget-container\">\n\t\t\t\t\t\t\t\t\t\t\t\t\t\t\t<img decoding=\"async\" width=\"600\" height=\"600\" src=\"https:\/\/explorit.ch\/wp-content\/uploads\/2019\/07\/kidsgarden1.jpg\" class=\"attachment-large size-large wp-image-12646\" alt=\"\" srcset=\"https:\/\/explorit.ch\/wp-content\/uploads\/2019\/07\/kidsgarden1.jpg 600w, https:\/\/explorit.ch\/wp-content\/uploads\/2019\/07\/kidsgarden1-150x150.jpg 150w, https:\/\/explorit.ch\/wp-content\/uploads\/2019\/07\/kidsgarden1-300x300.jpg 300w, https:\/\/explorit.ch\/wp-content\/uploads\/2019\/07\/kidsgarden1-45x45.jpg 45w\" sizes=\"(max-width: 600px) 100vw, 600px\" \/>\t\t\t\t\t\t\t\t\t\t\t\t\t\t\t<\/div>\n\t\t\t\t<\/div>\n\t\t\t\t\t<\/div>\n\t\t<\/div>\n\t\t\t\t<div class=\"elementor-column elementor-col-50 elementor-inner-column elementor-element elementor-element-0e89948\" data-id=\"0e89948\" data-element_type=\"column\">\n\t\t\t<div class=\"elementor-widget-wrap elementor-element-populated\">\n\t\t\t\t\t\t<div class=\"elementor-element elementor-element-0859a3e elementor-widget elementor-widget-video\" data-id=\"0859a3e\" data-element_type=\"widget\" data-settings=\"{&quot;youtube_url&quot;:&quot;https:\\\/\\\/youtu.be\\\/4T8qDQlGOQY&quot;,&quot;video_type&quot;:&quot;youtube&quot;,&quot;controls&quot;:&quot;yes&quot;}\" data-widget_type=\"video.default\">\n\t\t\t\t<div class=\"elementor-widget-container\">\n\t\t\t\t\t\t\t<div class=\"elementor-wrapper elementor-open-inline\">\n\t\t\t<div class=\"elementor-video\"><\/div>\t\t<\/div>\n\t\t\t\t\t\t<\/div>\n\t\t\t\t<\/div>\n\t\t\t\t\t<\/div>\n\t\t<\/div>\n\t\t\t\t\t<\/div>\n\t\t<\/section>\n\t\t\t\t\t<\/div>\n\t\t<\/div>\n\t\t\t\t\t<\/div>\n\t\t<\/section>\n\t\t\t\t<\/div>\n\t\t","protected":false},"excerpt":{"rendered":"<p>ACTION UNTER FREIEM HIMMEL Kindercity hat eine grosse Dachterrasse auf der bei scho\u0308nem Wetter nach Lust und Laune gespielt werden kann &#8211; selber Autofahren wie die Grossen, hoch in die Luft springen mit dem Bungy, eine Runde mit dem Magic-Express-Zug drehen, auf dem Juniorshaker um die Wette klettern oder gem\u00fctlich in der Lounge ein Eis [&hellip;]<\/p>\n","protected":false},"author":9,"featured_media":0,"parent":10714,"menu_order":5,"comment_status":"closed","ping_status":"closed","template":"elementor_header_footer","meta":{"site-sidebar-layout":"no-sidebar","site-content-layout":"page-builder","ast-site-content-layout":"default","site-content-style":"default","site-sidebar-style":"default","ast-global-header-display":"","ast-banner-title-visibility":"","ast-main-header-display":"disabled","ast-hfb-above-header-display":"","ast-hfb-below-header-display":"","ast-hfb-mobile-header-display":"","site-post-title":"disabled","ast-breadcrumbs-content":"","ast-featured-img":"disabled","footer-sml-layout":"","theme-transparent-header-meta":"default","adv-header-id-meta":"","stick-header-meta":"","header-above-stick-meta":"","header-main-stick-meta":"","header-below-stick-meta":"","astra-migrate-meta-layouts":"default","ast-page-background-enabled":"default","ast-page-background-meta":{"desktop":{"background-color":"","background-image":"","background-repeat":"repeat","background-position":"center center","background-size":"auto","background-attachment":"scroll","background-type":"","background-media":"","overlay-type":"","overlay-color":"","overlay-opacity":"","overlay-gradient":""},"tablet":{"background-color":"","background-image":"","background-repeat":"repeat","background-position":"center center","background-size":"auto","background-attachment":"scroll","background-type":"","background-media":"","overlay-type":"","overlay-color":"","overlay-opacity":"","overlay-gradient":""},"mobile":{"background-color":"","background-image":"","background-repeat":"repeat","background-position":"center center","background-size":"auto","background-attachment":"scroll","background-type":"","background-media":"","overlay-type":"","overlay-color":"","overlay-opacity":"","overlay-gradient":""}},"ast-content-background-meta":{"desktop":{"background-color":"var(--ast-global-color-5)","background-image":"","background-repeat":"repeat","background-position":"center center","background-size":"auto","background-attachment":"scroll","background-type":"","background-media":"","overlay-type":"","overlay-color":"","overlay-opacity":"","overlay-gradient":""},"tablet":{"background-color":"var(--ast-global-color-5)","background-image":"","background-repeat":"repeat","background-position":"center center","background-size":"auto","background-attachment":"scroll","background-type":"","background-media":"","overlay-type":"","overlay-color":"","overlay-opacity":"","overlay-gradient":""},"mobile":{"background-color":"var(--ast-global-color-5)","background-image":"","background-repeat":"repeat","background-position":"center center","background-size":"auto","background-attachment":"scroll","background-type":"","background-media":"","overlay-type":"","overlay-color":"","overlay-opacity":"","overlay-gradient":""}},"footnotes":""},"class_list":["post-11217","page","type-page","status-publish","hentry"],"aioseo_notices":[],"_links":{"self":[{"href":"https:\/\/explorit.ch\/de\/wp-json\/wp\/v2\/pages\/11217","targetHints":{"allow":["GET"]}}],"collection":[{"href":"https:\/\/explorit.ch\/de\/wp-json\/wp\/v2\/pages"}],"about":[{"href":"https:\/\/explorit.ch\/de\/wp-json\/wp\/v2\/types\/page"}],"author":[{"embeddable":true,"href":"https:\/\/explorit.ch\/de\/wp-json\/wp\/v2\/users\/9"}],"replies":[{"embeddable":true,"href":"https:\/\/explorit.ch\/de\/wp-json\/wp\/v2\/comments?post=11217"}],"version-history":[{"count":125,"href":"https:\/\/explorit.ch\/de\/wp-json\/wp\/v2\/pages\/11217\/revisions"}],"predecessor-version":[{"id":27088,"href":"https:\/\/explorit.ch\/de\/wp-json\/wp\/v2\/pages\/11217\/revisions\/27088"}],"up":[{"embeddable":true,"href":"https:\/\/explorit.ch\/de\/wp-json\/wp\/v2\/pages\/10714"}],"wp:attachment":[{"href":"https:\/\/explorit.ch\/de\/wp-json\/wp\/v2\/media?parent=11217"}],"curies":[{"name":"wp","href":"https:\/\/api.w.org\/{rel}","templated":true}]}}