{"id":15302,"date":"2020-01-27T09:46:52","date_gmt":"2020-01-27T09:46:52","guid":{"rendered":"https:\/\/explorit.ch\/?page_id=15302"},"modified":"2021-03-22T11:28:34","modified_gmt":"2021-03-22T10:28:34","slug":"feriencamp","status":"publish","type":"page","link":"https:\/\/explorit.ch\/de\/volketswil\/kidsclub\/feriencamp\/","title":{"rendered":"Feriencamp"},"content":{"rendered":"\t\t<div data-elementor-type=\"wp-page\" data-elementor-id=\"15302\" class=\"elementor elementor-15302\" data-elementor-post-type=\"page\">\n\t\t\t\t\t\t<section class=\"elementor-section elementor-top-section elementor-element elementor-element-ed2c1b7 elementor-section-full_width elementor-section-height-default elementor-section-height-default\" data-id=\"ed2c1b7\" data-element_type=\"section\" data-settings=\"{&quot;background_background&quot;:&quot;classic&quot;}\">\n\t\t\t\t\t\t<div class=\"elementor-container elementor-column-gap-wide\">\n\t\t\t\t\t<div class=\"elementor-column elementor-col-100 elementor-top-column elementor-element elementor-element-9205a91\" data-id=\"9205a91\" data-element_type=\"column\">\n\t\t\t<div class=\"elementor-widget-wrap elementor-element-populated\">\n\t\t\t\t\t\t<div class=\"elementor-element elementor-element-4d65ec4 elementor-widget elementor-widget-spacer\" data-id=\"4d65ec4\" data-element_type=\"widget\" data-widget_type=\"spacer.default\">\n\t\t\t\t<div class=\"elementor-widget-container\">\n\t\t\t\t\t\t\t<div class=\"elementor-spacer\">\n\t\t\t<div class=\"elementor-spacer-inner\"><\/div>\n\t\t<\/div>\n\t\t\t\t\t\t<\/div>\n\t\t\t\t<\/div>\n\t\t\t\t\t<\/div>\n\t\t<\/div>\n\t\t\t\t\t<\/div>\n\t\t<\/section>\n\t\t\t\t<section class=\"elementor-section elementor-top-section elementor-element elementor-element-b272164 elementor-section-boxed elementor-section-height-default elementor-section-height-default\" data-id=\"b272164\" data-element_type=\"section\" data-settings=\"{&quot;background_background&quot;:&quot;classic&quot;}\">\n\t\t\t\t\t\t<div class=\"elementor-container elementor-column-gap-default\">\n\t\t\t\t\t<div class=\"elementor-column elementor-col-100 elementor-top-column elementor-element elementor-element-225ba3e\" data-id=\"225ba3e\" data-element_type=\"column\" data-settings=\"{&quot;background_background&quot;:&quot;classic&quot;}\">\n\t\t\t<div class=\"elementor-widget-wrap elementor-element-populated\">\n\t\t\t\t\t\t<div class=\"elementor-element elementor-element-c1467e2 elementor-widget elementor-widget-heading\" data-id=\"c1467e2\" data-element_type=\"widget\" data-widget_type=\"heading.default\">\n\t\t\t\t<div class=\"elementor-widget-container\">\n\t\t\t\t\t<h1 class=\"elementor-heading-title elementor-size-default\">Feriencamp in EXPLORiT<\/h1>\t\t\t\t<\/div>\n\t\t\t\t<\/div>\n\t\t\t\t<div class=\"elementor-element elementor-element-a8f9573 elementor-widget-divider--view-line elementor-widget elementor-widget-divider\" data-id=\"a8f9573\" data-element_type=\"widget\" data-widget_type=\"divider.default\">\n\t\t\t\t<div class=\"elementor-widget-container\">\n\t\t\t\t\t\t\t<div class=\"elementor-divider\">\n\t\t\t<span class=\"elementor-divider-separator\">\n\t\t\t\t\t\t<\/span>\n\t\t<\/div>\n\t\t\t\t\t\t<\/div>\n\t\t\t\t<\/div>\n\t\t\t\t<div class=\"elementor-element elementor-element-70de95a elementor-widget elementor-widget-text-editor\" data-id=\"70de95a\" data-element_type=\"widget\" data-widget_type=\"text-editor.default\">\n\t\t\t\t<div class=\"elementor-widget-container\">\n\t\t\t\t\t\t\t\t\t<p>Im Feriencamp kann Ihr Kind tolle Tage in der Explorit Kindercity verbringen!<br \/>Es erwarten Ihre Kinder lehrreiche Entdeckungen, lustige Kinofilme, spannende Projekte und viel Spass mit anderen Kindern.<\/p>\t\t\t\t\t\t\t\t<\/div>\n\t\t\t\t<\/div>\n\t\t\t\t<div class=\"elementor-element elementor-element-250fc7e elementor-widget elementor-widget-heading\" data-id=\"250fc7e\" data-element_type=\"widget\" data-widget_type=\"heading.default\">\n\t\t\t\t<div class=\"elementor-widget-container\">\n\t\t\t\t\t<h2 class=\"elementor-heading-title elementor-size-default\">LEISTUNG &amp; ANGEBOT<\/h2>\t\t\t\t<\/div>\n\t\t\t\t<\/div>\n\t\t\t\t<section class=\"elementor-section elementor-inner-section elementor-element elementor-element-47bc10c elementor-section-boxed elementor-section-height-default elementor-section-height-default\" data-id=\"47bc10c\" data-element_type=\"section\">\n\t\t\t\t\t\t<div class=\"elementor-container elementor-column-gap-default\">\n\t\t\t\t\t<div class=\"elementor-column elementor-col-50 elementor-inner-column elementor-element elementor-element-887844a\" data-id=\"887844a\" data-element_type=\"column\">\n\t\t\t<div class=\"elementor-widget-wrap elementor-element-populated\">\n\t\t\t\t\t\t<div class=\"elementor-element elementor-element-5868053 elementor-widget elementor-widget-text-editor\" data-id=\"5868053\" data-element_type=\"widget\" data-widget_type=\"text-editor.default\">\n\t\t\t\t<div class=\"elementor-widget-container\">\n\t\t\t\t\t\t\t\t\t<ul type=\"disc\"><li>Professionelle Betreuung f\u00fcr Kinder im Alter von 4 bis 12 Jahren<\/li><li>Einzelne Tage buchen ist m\u00f6glich<\/li><li>T\u00e4gliche Verpflegung mit Zn\u00fcni, Mittagstisch, Zvieri und Getr\u00e4nken<\/li><li>Kinovorf\u00fchrungen w\u00e4hrend der Woche\u00a0<\/li><li>Workshops in Form von Projekten (inkl. Material)<\/li><li>EXPLORiT\u00a0Kindercity Ateliers w\u00e4hrend der Woche (inkl. Material)<\/li><li>Freier Eintritt in die Wissenswege und auf die Dachterrasse<\/li><li>Transfer der Kinder von und zum Bahnhof Schwerzenbach (jeweils um 8.30 und 17.15\u00a0Uhr)<\/li><li>Transfer der Kinder von und zum Hauptbahnhof Z\u00fcrich (jeweils um 8.00 und 18.00 Uhr)\u00a0<\/li><\/ul>\t\t\t\t\t\t\t\t<\/div>\n\t\t\t\t<\/div>\n\t\t\t\t\t<\/div>\n\t\t<\/div>\n\t\t\t\t<div class=\"elementor-column elementor-col-50 elementor-inner-column elementor-element elementor-element-9567d6b\" data-id=\"9567d6b\" data-element_type=\"column\">\n\t\t\t<div class=\"elementor-widget-wrap elementor-element-populated\">\n\t\t\t\t\t\t<div class=\"elementor-element elementor-element-e621e7f elementor-widget elementor-widget-video\" data-id=\"e621e7f\" data-element_type=\"widget\" data-settings=\"{&quot;youtube_url&quot;:&quot;https:\\\/\\\/www.youtube.com\\\/watch?v=oGP0JREBL1o&quot;,&quot;video_type&quot;:&quot;youtube&quot;,&quot;controls&quot;:&quot;yes&quot;}\" data-widget_type=\"video.default\">\n\t\t\t\t<div class=\"elementor-widget-container\">\n\t\t\t\t\t\t\t<div class=\"elementor-wrapper elementor-open-inline\">\n\t\t\t<div class=\"elementor-video\"><\/div>\t\t<\/div>\n\t\t\t\t\t\t<\/div>\n\t\t\t\t<\/div>\n\t\t\t\t\t<\/div>\n\t\t<\/div>\n\t\t\t\t\t<\/div>\n\t\t<\/section>\n\t\t\t\t<section class=\"elementor-section elementor-inner-section elementor-element elementor-element-ab93971 elementor-section-boxed elementor-section-height-default elementor-section-height-default\" data-id=\"ab93971\" data-element_type=\"section\">\n\t\t\t\t\t\t<div class=\"elementor-container elementor-column-gap-default\">\n\t\t\t\t\t<div class=\"elementor-column elementor-col-50 elementor-inner-column elementor-element elementor-element-6fc58f1\" data-id=\"6fc58f1\" data-element_type=\"column\">\n\t\t\t<div class=\"elementor-widget-wrap elementor-element-populated\">\n\t\t\t\t\t\t<div class=\"elementor-element elementor-element-ad9c20d elementor-widget elementor-widget-heading\" data-id=\"ad9c20d\" data-element_type=\"widget\" data-widget_type=\"heading.default\">\n\t\t\t\t<div class=\"elementor-widget-container\">\n\t\t\t\t\t<h2 class=\"elementor-heading-title elementor-size-default\">DATEN 2021<\/h2>\t\t\t\t<\/div>\n\t\t\t\t<\/div>\n\t\t\t\t<div class=\"elementor-element elementor-element-0622658 elementor-widget elementor-widget-text-editor\" data-id=\"0622658\" data-element_type=\"widget\" data-widget_type=\"text-editor.default\">\n\t\t\t\t<div class=\"elementor-widget-container\">\n\t\t\t\t\t\t\t\t\t<p><b>Fr\u00fchlingsferien<br \/><\/b><span style=\"font-size: 16px;\">Woche 1: 26.04.2021 \u2013 30.04.2021<br \/><\/span><span style=\"font-size: 18px;\">Woche 2: 03.05.2021 \u2013 07.05.2021<\/span><\/p><p><span style=\"font-style: inherit;\"><b>Sommerferien<br \/><\/b><\/span>Woche 1: 19.07.2021 \u2013 23.07.2021<br \/>Woche 2: 26.07.2021 \u2013 30.07.2021<br \/>Woche 3: Kein Feriencamp<br \/>Woche 4: 09.08.2021 \u2013 13.08.2021<br \/>Woche 5: 16.08.2021 \u2013 20.08.2021<\/p><p><span style=\"font-style: inherit;\"><b>Herbstferien<br \/><\/b><\/span>Woche 1: 11.10.2021 \u2013 15.10.2021<br \/>Woche 2: 18.10.2021 \u2013 22.10.2021<\/p>\t\t\t\t\t\t\t\t<\/div>\n\t\t\t\t<\/div>\n\t\t\t\t\t<\/div>\n\t\t<\/div>\n\t\t\t\t<div class=\"elementor-column elementor-col-50 elementor-inner-column elementor-element elementor-element-daac0ce\" data-id=\"daac0ce\" data-element_type=\"column\">\n\t\t\t<div class=\"elementor-widget-wrap elementor-element-populated\">\n\t\t\t\t\t\t<div class=\"elementor-element elementor-element-669af77 elementor-widget elementor-widget-heading\" data-id=\"669af77\" data-element_type=\"widget\" data-widget_type=\"heading.default\">\n\t\t\t\t<div class=\"elementor-widget-container\">\n\t\t\t\t\t<h2 class=\"elementor-heading-title elementor-size-default\">PREISE<\/h2>\t\t\t\t<\/div>\n\t\t\t\t<\/div>\n\t\t\t\t<div class=\"elementor-element elementor-element-9a77b24 elementor-widget elementor-widget-text-editor\" data-id=\"9a77b24\" data-element_type=\"widget\" data-widget_type=\"text-editor.default\">\n\t\t\t\t<div class=\"elementor-widget-container\">\n\t\t\t\t\t\t\t\t\t<p>\u00a0<\/p><ul><li>109.- CHF pro Tag f\u00fcr nicht Mitglieder<\/li><li>\u00a0 99.- CHF pro Tag f\u00fcr Kindercity Mitglieder<\/li><li>545.- CHF pro Woche f\u00fcr nicht Mitglieder<\/li><li>495.- CHF pro Woche f\u00fcr Kindercity Mitglieder<\/li><\/ul><p>Credit Suisse Mitarbeiter erhalten 20.-CHF pro Tag und Kind von ihrem Arbeitgeber zur\u00fcckerstattet.<\/p>\t\t\t\t\t\t\t\t<\/div>\n\t\t\t\t<\/div>\n\t\t\t\t\t<\/div>\n\t\t<\/div>\n\t\t\t\t\t<\/div>\n\t\t<\/section>\n\t\t\t\t<div class=\"elementor-element elementor-element-0649a8c elementor-widget elementor-widget-heading\" data-id=\"0649a8c\" data-element_type=\"widget\" data-widget_type=\"heading.default\">\n\t\t\t\t<div class=\"elementor-widget-container\">\n\t\t\t\t\t<h2 class=\"elementor-heading-title elementor-size-default\">ABHOL- UND BEGLEITSERVICE<\/h2>\t\t\t\t<\/div>\n\t\t\t\t<\/div>\n\t\t\t\t<div class=\"elementor-element elementor-element-d9b5951 elementor-widget elementor-widget-text-editor\" data-id=\"d9b5951\" data-element_type=\"widget\" data-widget_type=\"text-editor.default\">\n\t\t\t\t<div class=\"elementor-widget-container\">\n\t\t\t\t\t\t\t\t\t<p>Die Kinder werden je nach Wunsch am Bahnhof Schwerzenbach oder Z\u00fcrich Hauptbahnhof abgeholt.<br \/>TREFFPUNKT 2021 f\u00fcr Z\u00fcrich: Beim Kopf des Gleis\u00a033.<\/p><p>Bei An- und Abreise mit dem \u00f6ffentlichen Verkehr m\u00fcssen die Kinder einen g\u00fcltigen Fahrausweis auf sich tragen (ab 6 Jahren).<\/p>\t\t\t\t\t\t\t\t<\/div>\n\t\t\t\t<\/div>\n\t\t\t\t<div class=\"elementor-element elementor-element-4f2c6de elementor-widget elementor-widget-heading\" data-id=\"4f2c6de\" data-element_type=\"widget\" data-widget_type=\"heading.default\">\n\t\t\t\t<div class=\"elementor-widget-container\">\n\t\t\t\t\t<h2 class=\"elementor-heading-title elementor-size-default\">ANMELDUNG<\/h2>\t\t\t\t<\/div>\n\t\t\t\t<\/div>\n\t\t\t\t<div class=\"elementor-element elementor-element-2e76356 elementor-widget elementor-widget-text-editor\" data-id=\"2e76356\" data-element_type=\"widget\" data-widget_type=\"text-editor.default\">\n\t\t\t\t<div class=\"elementor-widget-container\">\n\t\t\t\t\t\t\t\t\t<p>Bei Fragen d\u00fcrfen Sie sich gerne direkt an uns wenden:\u00a0<a href=\"mailto:feriencamp.volketswil@explorit.ch\">feriencamp.volketswil@explorit.ch\u00a0<\/a>oder Tel: 043 204 30 60.<\/p><p><b>Anmeldung<\/b>: Das PDF per\u00a0E-Mail senden oder ausdrucken und per Post zustellen.<\/p>\t\t\t\t\t\t\t\t<\/div>\n\t\t\t\t<\/div>\n\t\t\t\t<div class=\"elementor-element elementor-element-52e0746 elementor-align-center elementor-widget elementor-widget-button\" data-id=\"52e0746\" data-element_type=\"widget\" data-widget_type=\"button.default\">\n\t\t\t\t<div class=\"elementor-widget-container\">\n\t\t\t\t\t\t\t\t\t<div class=\"elementor-button-wrapper\">\n\t\t\t\t\t<a class=\"elementor-button elementor-button-link elementor-size-sm\" href=\"\/wp-content\/uploads\/2021\/03\/Anmeldeformular-Feriencamp-2021-DE.pdf\" target=\"_blank\">\n\t\t\t\t\t\t<span class=\"elementor-button-content-wrapper\">\n\t\t\t\t\t\t<span class=\"elementor-button-icon\">\n\t\t\t\t<i aria-hidden=\"true\" class=\"far fa-edit\"><\/i>\t\t\t<\/span>\n\t\t\t\t\t\t\t\t\t<span class=\"elementor-button-text\">ANMELDUNGSFORMULAR   (PDF)<\/span>\n\t\t\t\t\t<\/span>\n\t\t\t\t\t<\/a>\n\t\t\t\t<\/div>\n\t\t\t\t\t\t\t\t<\/div>\n\t\t\t\t<\/div>\n\t\t\t\t<div class=\"elementor-element elementor-element-2e692e4 elementor-align-center elementor-widget elementor-widget-button\" data-id=\"2e692e4\" data-element_type=\"widget\" data-widget_type=\"button.default\">\n\t\t\t\t<div class=\"elementor-widget-container\">\n\t\t\t\t\t\t\t\t\t<div class=\"elementor-button-wrapper\">\n\t\t\t\t\t<a class=\"elementor-button elementor-button-link elementor-size-sm\" href=\"\/wp-content\/uploads\/2021\/03\/Anmeldeformular-EN-Feriencamp-2021.pdf\" target=\"_blank\">\n\t\t\t\t\t\t<span class=\"elementor-button-content-wrapper\">\n\t\t\t\t\t\t<span class=\"elementor-button-icon\">\n\t\t\t\t<i aria-hidden=\"true\" class=\"far fa-edit\"><\/i>\t\t\t<\/span>\n\t\t\t\t\t\t\t\t\t<span class=\"elementor-button-text\">Registration form in English (PDF)<\/span>\n\t\t\t\t\t<\/span>\n\t\t\t\t\t<\/a>\n\t\t\t\t<\/div>\n\t\t\t\t\t\t\t\t<\/div>\n\t\t\t\t<\/div>\n\t\t\t\t\t<\/div>\n\t\t<\/div>\n\t\t\t\t\t<\/div>\n\t\t<\/section>\n\t\t\t\t<\/div>\n\t\t","protected":false},"excerpt":{"rendered":"<p>Feriencamp in EXPLORiT Im Feriencamp kann Ihr Kind tolle Tage in der Explorit Kindercity verbringen!Es erwarten Ihre Kinder lehrreiche Entdeckungen, lustige Kinofilme, spannende Projekte und viel Spass mit anderen Kindern. LEISTUNG &#038; ANGEBOT Professionelle Betreuung f\u00fcr Kinder im Alter von 4 bis 12 Jahren Einzelne Tage buchen ist m\u00f6glich T\u00e4gliche Verpflegung mit Zn\u00fcni, Mittagstisch, Zvieri [&hellip;]<\/p>\n","protected":false},"author":15,"featured_media":0,"parent":10930,"menu_order":6,"comment_status":"closed","ping_status":"closed","template":"elementor_header_footer","meta":{"site-sidebar-layout":"no-sidebar","site-content-layout":"page-builder","ast-site-content-layout":"default","site-content-style":"default","site-sidebar-style":"default","ast-global-header-display":"","ast-banner-title-visibility":"","ast-main-header-display":"disabled","ast-hfb-above-header-display":"","ast-hfb-below-header-display":"","ast-hfb-mobile-header-display":"","site-post-title":"disabled","ast-breadcrumbs-content":"","ast-featured-img":"disabled","footer-sml-layout":"","theme-transparent-header-meta":"default","adv-header-id-meta":"","stick-header-meta":"","header-above-stick-meta":"","header-main-stick-meta":"","header-below-stick-meta":"","astra-migrate-meta-layouts":"default","ast-page-background-enabled":"default","ast-page-background-meta":{"desktop":{"background-color":"","background-image":"","background-repeat":"repeat","background-position":"center center","background-size":"auto","background-attachment":"scroll","background-type":"","background-media":"","overlay-type":"","overlay-color":"","overlay-opacity":"","overlay-gradient":""},"tablet":{"background-color":"","background-image":"","background-repeat":"repeat","background-position":"center center","background-size":"auto","background-attachment":"scroll","background-type":"","background-media":"","overlay-type":"","overlay-color":"","overlay-opacity":"","overlay-gradient":""},"mobile":{"background-color":"","background-image":"","background-repeat":"repeat","background-position":"center center","background-size":"auto","background-attachment":"scroll","background-type":"","background-media":"","overlay-type":"","overlay-color":"","overlay-opacity":"","overlay-gradient":""}},"ast-content-background-meta":{"desktop":{"background-color":"var(--ast-global-color-5)","background-image":"","background-repeat":"repeat","background-position":"center center","background-size":"auto","background-attachment":"scroll","background-type":"","background-media":"","overlay-type":"","overlay-color":"","overlay-opacity":"","overlay-gradient":""},"tablet":{"background-color":"var(--ast-global-color-5)","background-image":"","background-repeat":"repeat","background-position":"center center","background-size":"auto","background-attachment":"scroll","background-type":"","background-media":"","overlay-type":"","overlay-color":"","overlay-opacity":"","overlay-gradient":""},"mobile":{"background-color":"var(--ast-global-color-5)","background-image":"","background-repeat":"repeat","background-position":"center center","background-size":"auto","background-attachment":"scroll","background-type":"","background-media":"","overlay-type":"","overlay-color":"","overlay-opacity":"","overlay-gradient":""}},"footnotes":""},"class_list":["post-15302","page","type-page","status-publish","hentry"],"aioseo_notices":[],"_links":{"self":[{"href":"https:\/\/explorit.ch\/de\/wp-json\/wp\/v2\/pages\/15302","targetHints":{"allow":["GET"]}}],"collection":[{"href":"https:\/\/explorit.ch\/de\/wp-json\/wp\/v2\/pages"}],"about":[{"href":"https:\/\/explorit.ch\/de\/wp-json\/wp\/v2\/types\/page"}],"author":[{"embeddable":true,"href":"https:\/\/explorit.ch\/de\/wp-json\/wp\/v2\/users\/15"}],"replies":[{"embeddable":true,"href":"https:\/\/explorit.ch\/de\/wp-json\/wp\/v2\/comments?post=15302"}],"version-history":[{"count":28,"href":"https:\/\/explorit.ch\/de\/wp-json\/wp\/v2\/pages\/15302\/revisions"}],"predecessor-version":[{"id":25145,"href":"https:\/\/explorit.ch\/de\/wp-json\/wp\/v2\/pages\/15302\/revisions\/25145"}],"up":[{"embeddable":true,"href":"https:\/\/explorit.ch\/de\/wp-json\/wp\/v2\/pages\/10930"}],"wp:attachment":[{"href":"https:\/\/explorit.ch\/de\/wp-json\/wp\/v2\/media?parent=15302"}],"curies":[{"name":"wp","href":"https:\/\/api.w.org\/{rel}","templated":true}]}}