{"id":15383,"date":"2020-01-27T14:30:26","date_gmt":"2020-01-27T14:30:26","guid":{"rendered":"https:\/\/explorit.ch\/?page_id=15383"},"modified":"2022-02-28T15:59:57","modified_gmt":"2022-02-28T14:59:57","slug":"ihr-anlass","status":"publish","type":"page","link":"https:\/\/explorit.ch\/de\/ihr-anlass\/","title":{"rendered":"Ihr Anlass"},"content":{"rendered":"\t\t<div data-elementor-type=\"wp-page\" data-elementor-id=\"15383\" class=\"elementor elementor-15383\" data-elementor-post-type=\"page\">\n\t\t\t\t\t\t<section class=\"elementor-section elementor-top-section elementor-element elementor-element-155a17c elementor-section-full_width elementor-section-height-default elementor-section-height-default\" data-id=\"155a17c\" data-element_type=\"section\" data-settings=\"{&quot;background_background&quot;:&quot;classic&quot;}\">\n\t\t\t\t\t\t<div class=\"elementor-container elementor-column-gap-wide\">\n\t\t\t\t\t<div class=\"elementor-column elementor-col-100 elementor-top-column elementor-element elementor-element-c92cc50\" data-id=\"c92cc50\" data-element_type=\"column\">\n\t\t\t<div class=\"elementor-widget-wrap elementor-element-populated\">\n\t\t\t\t\t\t<div class=\"elementor-element elementor-element-d590531 elementor-widget elementor-widget-spacer\" data-id=\"d590531\" data-element_type=\"widget\" data-widget_type=\"spacer.default\">\n\t\t\t\t<div class=\"elementor-widget-container\">\n\t\t\t\t\t\t\t<div class=\"elementor-spacer\">\n\t\t\t<div class=\"elementor-spacer-inner\"><\/div>\n\t\t<\/div>\n\t\t\t\t\t\t<\/div>\n\t\t\t\t<\/div>\n\t\t\t\t\t<\/div>\n\t\t<\/div>\n\t\t\t\t\t<\/div>\n\t\t<\/section>\n\t\t\t\t<section class=\"elementor-section elementor-top-section elementor-element elementor-element-5db2147 elementor-section-boxed elementor-section-height-default elementor-section-height-default\" data-id=\"5db2147\" data-element_type=\"section\" data-settings=\"{&quot;background_background&quot;:&quot;classic&quot;}\">\n\t\t\t\t\t\t<div class=\"elementor-container elementor-column-gap-default\">\n\t\t\t\t\t<div class=\"elementor-column elementor-col-100 elementor-top-column elementor-element elementor-element-0d0699b\" data-id=\"0d0699b\" data-element_type=\"column\">\n\t\t\t<div class=\"elementor-widget-wrap elementor-element-populated\">\n\t\t\t\t\t\t<section class=\"elementor-section elementor-inner-section elementor-element elementor-element-08e04c7 elementor-section-boxed elementor-section-height-default elementor-section-height-default\" data-id=\"08e04c7\" data-element_type=\"section\">\n\t\t\t\t\t\t<div class=\"elementor-container elementor-column-gap-default\">\n\t\t\t\t\t<div class=\"elementor-column elementor-col-100 elementor-inner-column elementor-element elementor-element-50dbf40\" data-id=\"50dbf40\" data-element_type=\"column\" data-settings=\"{&quot;background_background&quot;:&quot;classic&quot;}\">\n\t\t\t<div class=\"elementor-widget-wrap elementor-element-populated\">\n\t\t\t\t\t\t<div class=\"elementor-element elementor-element-dd6e77f elementor-widget elementor-widget-heading\" data-id=\"dd6e77f\" data-element_type=\"widget\" data-widget_type=\"heading.default\">\n\t\t\t\t<div class=\"elementor-widget-container\">\n\t\t\t\t\t<h2 class=\"elementor-heading-title elementor-size-default\">Ihr Anlass<br><br>\nEVENTS<\/h2>\t\t\t\t<\/div>\n\t\t\t\t<\/div>\n\t\t\t\t<div class=\"elementor-element elementor-element-2841a69 elementor-widget-divider--view-line elementor-widget elementor-widget-divider\" data-id=\"2841a69\" data-element_type=\"widget\" data-widget_type=\"divider.default\">\n\t\t\t\t<div class=\"elementor-widget-container\">\n\t\t\t\t\t\t\t<div class=\"elementor-divider\">\n\t\t\t<span class=\"elementor-divider-separator\">\n\t\t\t\t\t\t<\/span>\n\t\t<\/div>\n\t\t\t\t\t\t<\/div>\n\t\t\t\t<\/div>\n\t\t\t\t<div class=\"elementor-element elementor-element-ea113eb elementor-widget elementor-widget-text-editor\" data-id=\"ea113eb\" data-element_type=\"widget\" data-widget_type=\"text-editor.default\">\n\t\t\t\t<div class=\"elementor-widget-container\">\n\t\t\t\t\t\t\t\t\t<p>Die EXPLORiT Kindercity bietet mit den verschiedenen Bereichen, in Kombination mit dem Cinestudio, den perfekten Ort f\u00fcr Ihr Event. Sowohl Firmen und Privatanl\u00e4sse als auch Familien-Events, Themen-Events und Kino-Events bis hin zu Konzerten f\u00fcr jede Art ist der passende Rahmen gegeben.<br \/>Unser Anspruch ist eine sehr hohe Qualit\u00e4t und l\u00e4sst Ihren Anlass zum einmaligen Erlebnis werden.<\/p>\t\t\t\t\t\t\t\t<\/div>\n\t\t\t\t<\/div>\n\t\t\t\t\t<\/div>\n\t\t<\/div>\n\t\t\t\t\t<\/div>\n\t\t<\/section>\n\t\t\t\t<div class=\"elementor-element elementor-element-80379c8 elementor-widget elementor-widget-text-editor\" data-id=\"80379c8\" data-element_type=\"widget\" data-widget_type=\"text-editor.default\">\n\t\t\t\t<div class=\"elementor-widget-container\">\n\t\t\t\t\t\t\t\t\t<div id=\"content\" class=\"site-content\">\n<div class=\"ast-container\">\n<div id=\"primary\" class=\"content-area primary\">\n<article id=\"post-15350\" class=\"post-15350 page type-page status-publish ast-article-single\">\n<div class=\"entry-content clear\">\n<div class=\"elementor elementor-15350\" data-elementor-type=\"wp-page\" data-elementor-id=\"15350\" data-elementor-settings=\"[]\">\n<div class=\"elementor-inner\">\n<div class=\"elementor-section-wrap\">\n<section class=\"elementor-element elementor-element-6642640 elementor-section-boxed elementor-section-height-default elementor-section-height-default elementor-section elementor-top-section\" data-id=\"6642640\" data-element_type=\"section\" data-settings=\"{&quot;background_background&quot;:&quot;classic&quot;}\">\n<div class=\"elementor-container elementor-column-gap-wide\">\n<div class=\"elementor-row\">\n<div class=\"elementor-element elementor-element-80b7a10 elementor-column elementor-col-100 elementor-top-column\" data-id=\"80b7a10\" data-element_type=\"column\" data-settings=\"{&quot;background_background&quot;:&quot;classic&quot;}\">\n<div class=\"elementor-column-wrap elementor-element-populated\">\n<div class=\"elementor-widget-wrap\">\n<div class=\"elementor-element elementor-element-c6b04d6 elementor-widget elementor-widget-text-editor\" data-id=\"c6b04d6\" data-element_type=\"widget\" data-widget_type=\"text-editor.default\">\n<div class=\"elementor-widget-container\">\n<div class=\"elementor-text-editor elementor-clearfix\">\n<p><i>Diese Seite wird sich mit Projektfortschritt weiterentwickeln<\/i><\/p>\n<\/div>\n<\/div>\n<\/div>\n<\/div>\n<\/div>\n<\/div>\n<\/div>\n<\/div>\n<\/section>\n<\/div>\n<\/div>\n<\/div>\n<\/div>\n<\/article>\n<\/div>\n<\/div>\n<\/div>\n<footer id=\"colophon\" role=\"contentinfo\">\n<div class=\"footer-width-fixer\">\n<div class=\"elementor elementor-114\" data-elementor-type=\"wp-post\" data-elementor-id=\"114\" data-elementor-settings=\"[]\">\n<div class=\"elementor-inner\">\n<div class=\"elementor-section-wrap\">&nbsp;<\/div>\n<\/div>\n<\/div>\n<\/div>\n<\/footer>\t\t\t\t\t\t\t\t<\/div>\n\t\t\t\t<\/div>\n\t\t\t\t\t<\/div>\n\t\t<\/div>\n\t\t\t\t\t<\/div>\n\t\t<\/section>\n\t\t\t\t<\/div>\n\t\t","protected":false},"excerpt":{"rendered":"<p>Ihr Anlass EVENTS Die EXPLORiT Kindercity bietet mit den verschiedenen Bereichen, in Kombination mit dem Cinestudio, den perfekten Ort f\u00fcr Ihr Event. Sowohl Firmen und Privatanl\u00e4sse als auch Familien-Events, Themen-Events und Kino-Events bis hin zu Konzerten f\u00fcr jede Art ist der passende Rahmen gegeben. Unser Anspruch ist eine sehr hohe Qualit\u00e4t und l\u00e4sst Ihren Anlass [&hellip;]<\/p>\n","protected":false},"author":15,"featured_media":0,"parent":0,"menu_order":6,"comment_status":"closed","ping_status":"closed","template":"","meta":{"site-sidebar-layout":"no-sidebar","site-content-layout":"page-builder","ast-site-content-layout":"default","site-content-style":"default","site-sidebar-style":"default","ast-global-header-display":"","ast-banner-title-visibility":"","ast-main-header-display":"","ast-hfb-above-header-display":"","ast-hfb-below-header-display":"","ast-hfb-mobile-header-display":"","site-post-title":"disabled","ast-breadcrumbs-content":"","ast-featured-img":"disabled","footer-sml-layout":"","theme-transparent-header-meta":"default","adv-header-id-meta":"","stick-header-meta":"","header-above-stick-meta":"","header-main-stick-meta":"","header-below-stick-meta":"","astra-migrate-meta-layouts":"default","ast-page-background-enabled":"default","ast-page-background-meta":{"desktop":{"background-color":"","background-image":"","background-repeat":"repeat","background-position":"center center","background-size":"auto","background-attachment":"scroll","background-type":"","background-media":"","overlay-type":"","overlay-color":"","overlay-opacity":"","overlay-gradient":""},"tablet":{"background-color":"","background-image":"","background-repeat":"repeat","background-position":"center center","background-size":"auto","background-attachment":"scroll","background-type":"","background-media":"","overlay-type":"","overlay-color":"","overlay-opacity":"","overlay-gradient":""},"mobile":{"background-color":"","background-image":"","background-repeat":"repeat","background-position":"center center","background-size":"auto","background-attachment":"scroll","background-type":"","background-media":"","overlay-type":"","overlay-color":"","overlay-opacity":"","overlay-gradient":""}},"ast-content-background-meta":{"desktop":{"background-color":"var(--ast-global-color-5)","background-image":"","background-repeat":"repeat","background-position":"center center","background-size":"auto","background-attachment":"scroll","background-type":"","background-media":"","overlay-type":"","overlay-color":"","overlay-opacity":"","overlay-gradient":""},"tablet":{"background-color":"var(--ast-global-color-5)","background-image":"","background-repeat":"repeat","background-position":"center center","background-size":"auto","background-attachment":"scroll","background-type":"","background-media":"","overlay-type":"","overlay-color":"","overlay-opacity":"","overlay-gradient":""},"mobile":{"background-color":"var(--ast-global-color-5)","background-image":"","background-repeat":"repeat","background-position":"center center","background-size":"auto","background-attachment":"scroll","background-type":"","background-media":"","overlay-type":"","overlay-color":"","overlay-opacity":"","overlay-gradient":""}},"footnotes":""},"class_list":["post-15383","page","type-page","status-publish","hentry"],"aioseo_notices":[],"_links":{"self":[{"href":"https:\/\/explorit.ch\/de\/wp-json\/wp\/v2\/pages\/15383","targetHints":{"allow":["GET"]}}],"collection":[{"href":"https:\/\/explorit.ch\/de\/wp-json\/wp\/v2\/pages"}],"about":[{"href":"https:\/\/explorit.ch\/de\/wp-json\/wp\/v2\/types\/page"}],"author":[{"embeddable":true,"href":"https:\/\/explorit.ch\/de\/wp-json\/wp\/v2\/users\/15"}],"replies":[{"embeddable":true,"href":"https:\/\/explorit.ch\/de\/wp-json\/wp\/v2\/comments?post=15383"}],"version-history":[{"count":6,"href":"https:\/\/explorit.ch\/de\/wp-json\/wp\/v2\/pages\/15383\/revisions"}],"predecessor-version":[{"id":33983,"href":"https:\/\/explorit.ch\/de\/wp-json\/wp\/v2\/pages\/15383\/revisions\/33983"}],"wp:attachment":[{"href":"https:\/\/explorit.ch\/de\/wp-json\/wp\/v2\/media?parent=15383"}],"curies":[{"name":"wp","href":"https:\/\/api.w.org\/{rel}","templated":true}]}}