{"id":16123,"date":"2020-04-01T19:41:03","date_gmt":"2020-04-01T19:41:03","guid":{"rendered":"https:\/\/explorit.ch\/?page_id=16123"},"modified":"2022-08-30T13:53:23","modified_gmt":"2022-08-30T11:53:23","slug":"kindercity","status":"publish","type":"page","link":"https:\/\/explorit.ch\/de\/kindercity\/","title":{"rendered":"Kindercity"},"content":{"rendered":"\t\t<div data-elementor-type=\"wp-page\" data-elementor-id=\"16123\" class=\"elementor elementor-16123\" data-elementor-post-type=\"page\">\n\t\t\t\t\t\t<section class=\"elementor-section elementor-top-section elementor-element elementor-element-72582e6 elementor-section-stretched elementor-section-full_width elementor-section-height-default elementor-section-height-default\" data-id=\"72582e6\" data-element_type=\"section\" data-settings=\"{&quot;stretch_section&quot;:&quot;section-stretched&quot;,&quot;background_background&quot;:&quot;classic&quot;}\">\n\t\t\t\t\t\t<div class=\"elementor-container elementor-column-gap-wide\">\n\t\t\t\t\t<div class=\"elementor-column elementor-col-100 elementor-top-column elementor-element elementor-element-c3f5ef8\" data-id=\"c3f5ef8\" data-element_type=\"column\">\n\t\t\t<div class=\"elementor-widget-wrap elementor-element-populated\">\n\t\t\t\t\t\t<div class=\"elementor-element elementor-element-24bde28 elementor-widget elementor-widget-spacer\" data-id=\"24bde28\" data-element_type=\"widget\" data-widget_type=\"spacer.default\">\n\t\t\t\t<div class=\"elementor-widget-container\">\n\t\t\t\t\t\t\t<div class=\"elementor-spacer\">\n\t\t\t<div class=\"elementor-spacer-inner\"><\/div>\n\t\t<\/div>\n\t\t\t\t\t\t<\/div>\n\t\t\t\t<\/div>\n\t\t\t\t\t<\/div>\n\t\t<\/div>\n\t\t\t\t\t<\/div>\n\t\t<\/section>\n\t\t\t\t<section class=\"elementor-section elementor-top-section elementor-element elementor-element-eae32dd elementor-section-boxed elementor-section-height-default elementor-section-height-default\" data-id=\"eae32dd\" data-element_type=\"section\" data-settings=\"{&quot;background_background&quot;:&quot;classic&quot;}\">\n\t\t\t\t\t\t<div class=\"elementor-container elementor-column-gap-default\">\n\t\t\t\t\t<div class=\"elementor-column elementor-col-100 elementor-top-column elementor-element elementor-element-08467cd\" data-id=\"08467cd\" data-element_type=\"column\">\n\t\t\t<div class=\"elementor-widget-wrap elementor-element-populated\">\n\t\t\t\t\t\t<div class=\"elementor-element elementor-element-d393cef elementor-widget elementor-widget-image\" data-id=\"d393cef\" data-element_type=\"widget\" data-widget_type=\"image.default\">\n\t\t\t\t<div class=\"elementor-widget-container\">\n\t\t\t\t\t\t\t\t\t\t\t\t\t\t\t<img decoding=\"async\" width=\"300\" height=\"149\" src=\"https:\/\/explorit.ch\/wp-content\/uploads\/2018\/10\/logo_kindercity-300x149.png\" class=\"attachment-medium size-medium wp-image-357\" alt=\"\" srcset=\"https:\/\/explorit.ch\/wp-content\/uploads\/2018\/10\/logo_kindercity-300x149.png 300w, https:\/\/explorit.ch\/wp-content\/uploads\/2018\/10\/logo_kindercity.png 500w\" sizes=\"(max-width: 300px) 100vw, 300px\" \/>\t\t\t\t\t\t\t\t\t\t\t\t\t\t\t<\/div>\n\t\t\t\t<\/div>\n\t\t\t\t<div class=\"elementor-element elementor-element-5d4039c elementor-widget elementor-widget-text-editor\" data-id=\"5d4039c\" data-element_type=\"widget\" data-widget_type=\"text-editor.default\">\n\t\t\t\t<div class=\"elementor-widget-container\">\n\t\t\t\t\t\t\t\t\t<p>Die Welten der Wunder<\/p>\t\t\t\t\t\t\t\t<\/div>\n\t\t\t\t<\/div>\n\t\t\t\t<div class=\"elementor-element elementor-element-6cf33c0 elementor-widget-divider--view-line elementor-widget elementor-widget-divider\" data-id=\"6cf33c0\" data-element_type=\"widget\" data-widget_type=\"divider.default\">\n\t\t\t\t<div class=\"elementor-widget-container\">\n\t\t\t\t\t\t\t<div class=\"elementor-divider\">\n\t\t\t<span class=\"elementor-divider-separator\">\n\t\t\t\t\t\t<\/span>\n\t\t<\/div>\n\t\t\t\t\t\t<\/div>\n\t\t\t\t<\/div>\n\t\t\t\t<div class=\"elementor-element elementor-element-9e26ac1 elementor-widget elementor-widget-text-editor\" data-id=\"9e26ac1\" data-element_type=\"widget\" data-widget_type=\"text-editor.default\">\n\t\t\t\t<div class=\"elementor-widget-container\">\n\t\t\t\t\t\t\t\t\t<p>F\u00fcr Kinder von 0-6 Jahren und ihre Familien<\/p>\t\t\t\t\t\t\t\t<\/div>\n\t\t\t\t<\/div>\n\t\t\t\t\t<\/div>\n\t\t<\/div>\n\t\t\t\t\t<\/div>\n\t\t<\/section>\n\t\t\t\t<section class=\"elementor-section elementor-top-section elementor-element elementor-element-17a8d86 elementor-section-boxed elementor-section-height-default elementor-section-height-default\" data-id=\"17a8d86\" data-element_type=\"section\" data-settings=\"{&quot;background_background&quot;:&quot;classic&quot;}\">\n\t\t\t\t\t\t<div class=\"elementor-container elementor-column-gap-default\">\n\t\t\t\t\t<div class=\"elementor-column elementor-col-66 elementor-top-column elementor-element elementor-element-779bb3b\" data-id=\"779bb3b\" data-element_type=\"column\">\n\t\t\t<div class=\"elementor-widget-wrap elementor-element-populated\">\n\t\t\t\t\t\t<div class=\"elementor-element elementor-element-1ebb05b elementor-widget elementor-widget-text-editor\" data-id=\"1ebb05b\" data-element_type=\"widget\" data-widget_type=\"text-editor.default\">\n\t\t\t\t<div class=\"elementor-widget-container\">\n\t\t\t\t\t\t\t\t\t<p>Die Kinder dringen in die riesige Kookai-Wei-H\u00f6hle ein. Sie entdecken dort unter einer Blase ihren kleinen gemeinsamen Garten (wo wir sie f\u00fcr die Permakultur sensibilisieren, f\u00fcr die Rollen der Insekten und erkl\u00e4ren ihnen den Prozess des Pflanzenwachstums).<\/p><p>Unsere f\u00fcnf Welten werden durch f\u00fcnf verschiedene Kookai Wei\u2019s dargestellt.<\/p><p>In diesen thematischen H\u00f6hlen k\u00f6nnen die Kinder f\u00fcr jedes Thema die Wunder der Erde, die aktuelle Problematik und L\u00f6sungen zur Regelung dieser Probleme entdecken.<\/p><p>Im Inneren des Kookai-Wei-Baumes finden Sie Erinnerungen an die kleinen Kaninchen und deren Legende. In Greenys Labor werden Sie die Lebensdauer des Abfalls und des Recyclingzyklus verstehen. Schlie\u00dflich werden alle Tiere, W\u00e4lder, Bauernh\u00f6fe und die Berge ausgestellt und erkl\u00e4rt.\u00a0<\/p>\t\t\t\t\t\t\t\t<\/div>\n\t\t\t\t<\/div>\n\t\t\t\t\t<\/div>\n\t\t<\/div>\n\t\t\t\t<div class=\"elementor-column elementor-col-33 elementor-top-column elementor-element elementor-element-f7f6832\" data-id=\"f7f6832\" data-element_type=\"column\">\n\t\t\t<div class=\"elementor-widget-wrap elementor-element-populated\">\n\t\t\t\t\t\t<div class=\"elementor-element elementor-element-ec7a53c elementor-widget elementor-widget-image\" data-id=\"ec7a53c\" data-element_type=\"widget\" data-widget_type=\"image.default\">\n\t\t\t\t<div class=\"elementor-widget-container\">\n\t\t\t\t\t\t\t\t\t\t\t\t\t\t\t<img fetchpriority=\"high\" decoding=\"async\" width=\"500\" height=\"700\" src=\"https:\/\/explorit.ch\/wp-content\/uploads\/2021\/04\/vaches.jpg\" class=\"attachment-large size-large wp-image-26053\" alt=\"\" srcset=\"https:\/\/explorit.ch\/wp-content\/uploads\/2021\/04\/vaches.jpg 500w, https:\/\/explorit.ch\/wp-content\/uploads\/2021\/04\/vaches-214x300.jpg 214w\" sizes=\"(max-width: 500px) 100vw, 500px\" \/>\t\t\t\t\t\t\t\t\t\t\t\t\t\t\t<\/div>\n\t\t\t\t<\/div>\n\t\t\t\t\t<\/div>\n\t\t<\/div>\n\t\t\t\t\t<\/div>\n\t\t<\/section>\n\t\t\t\t<section class=\"elementor-section elementor-top-section elementor-element elementor-element-43e3947 elementor-section-boxed elementor-section-height-default elementor-section-height-default\" data-id=\"43e3947\" data-element_type=\"section\" data-settings=\"{&quot;background_background&quot;:&quot;classic&quot;}\">\n\t\t\t\t\t\t<div class=\"elementor-container elementor-column-gap-default\">\n\t\t\t\t\t<div class=\"elementor-column elementor-col-100 elementor-top-column elementor-element elementor-element-af66084\" data-id=\"af66084\" data-element_type=\"column\">\n\t\t\t<div class=\"elementor-widget-wrap elementor-element-populated\">\n\t\t\t\t\t\t<div class=\"elementor-element elementor-element-65eb8df elementor-align-center elementor-mobile-align-center elementor-widget elementor-widget-button\" data-id=\"65eb8df\" data-element_type=\"widget\" data-widget_type=\"button.default\">\n\t\t\t\t<div class=\"elementor-widget-container\">\n\t\t\t\t\t\t\t\t\t<div class=\"elementor-button-wrapper\">\n\t\t\t\t\t<a class=\"elementor-button elementor-button-link elementor-size-lg elementor-animation-sink\" href=\"https:\/\/explorit.ch\/de\/tickets-2\/\">\n\t\t\t\t\t\t<span class=\"elementor-button-content-wrapper\">\n\t\t\t\t\t\t\t\t\t<span class=\"elementor-button-text\">Kaufen Sie Ihre Tickets online<\/span>\n\t\t\t\t\t<\/span>\n\t\t\t\t\t<\/a>\n\t\t\t\t<\/div>\n\t\t\t\t\t\t\t\t<\/div>\n\t\t\t\t<\/div>\n\t\t\t\t<div class=\"elementor-element elementor-element-40b36b1 elementor-widget elementor-widget-image-gallery\" data-id=\"40b36b1\" data-element_type=\"widget\" data-widget_type=\"image-gallery.default\">\n\t\t\t\t<div class=\"elementor-widget-container\">\n\t\t\t\t\t\t\t<div class=\"elementor-image-gallery\">\n\t\t\t<div id='gallery-1' class='gallery galleryid-16123 gallery-columns-4 gallery-size-full'><figure class='gallery-item'>\n\t\t\t<div class='gallery-icon landscape'>\n\t\t\t\t<a data-elementor-open-lightbox=\"yes\" data-elementor-lightbox-slideshow=\"40b36b1\" data-elementor-lightbox-title=\"Kindercity-01\" data-e-action-hash=\"#elementor-action%3Aaction%3Dlightbox%26settings%3DeyJpZCI6MjYwMzgsInVybCI6Imh0dHBzOlwvXC9leHBsb3JpdC5jaFwvd3AtY29udGVudFwvdXBsb2Fkc1wvMjAyMVwvMDRcL0tpbmRlcmNpdHktMDEuanBnIiwic2xpZGVzaG93IjoiNDBiMzZiMSJ9\" href='https:\/\/explorit.ch\/wp-content\/uploads\/2021\/04\/Kindercity-01.jpg'><img decoding=\"async\" width=\"2048\" height=\"1365\" src=\"https:\/\/explorit.ch\/wp-content\/uploads\/2021\/04\/Kindercity-01.jpg\" class=\"attachment-full size-full\" alt=\"\" aria-describedby=\"gallery-1-26038\" srcset=\"https:\/\/explorit.ch\/wp-content\/uploads\/2021\/04\/Kindercity-01.jpg 2048w, https:\/\/explorit.ch\/wp-content\/uploads\/2021\/04\/Kindercity-01-300x200.jpg 300w, https:\/\/explorit.ch\/wp-content\/uploads\/2021\/04\/Kindercity-01-1024x683.jpg 1024w, https:\/\/explorit.ch\/wp-content\/uploads\/2021\/04\/Kindercity-01-768x512.jpg 768w, https:\/\/explorit.ch\/wp-content\/uploads\/2021\/04\/Kindercity-01-1536x1024.jpg 1536w\" sizes=\"(max-width: 2048px) 100vw, 2048px\" \/><\/a>\n\t\t\t<\/div>\n\t\t\t\t<figcaption class='wp-caption-text gallery-caption' id='gallery-1-26038'>\n\t\t\t\tTerrier des Merveilles\n\t\t\t\t<\/figcaption><\/figure><figure class='gallery-item'>\n\t\t\t<div class='gallery-icon landscape'>\n\t\t\t\t<a data-elementor-open-lightbox=\"yes\" data-elementor-lightbox-slideshow=\"40b36b1\" data-elementor-lightbox-title=\"Kindercity-05\" data-e-action-hash=\"#elementor-action%3Aaction%3Dlightbox%26settings%3DeyJpZCI6MjYwNDMsInVybCI6Imh0dHBzOlwvXC9leHBsb3JpdC5jaFwvd3AtY29udGVudFwvdXBsb2Fkc1wvMjAyMVwvMDRcL0tpbmRlcmNpdHktMDUuanBnIiwic2xpZGVzaG93IjoiNDBiMzZiMSJ9\" href='https:\/\/explorit.ch\/wp-content\/uploads\/2021\/04\/Kindercity-05.jpg'><img loading=\"lazy\" decoding=\"async\" width=\"2048\" height=\"1365\" src=\"https:\/\/explorit.ch\/wp-content\/uploads\/2021\/04\/Kindercity-05.jpg\" class=\"attachment-full size-full\" alt=\"\" aria-describedby=\"gallery-1-26043\" srcset=\"https:\/\/explorit.ch\/wp-content\/uploads\/2021\/04\/Kindercity-05.jpg 2048w, https:\/\/explorit.ch\/wp-content\/uploads\/2021\/04\/Kindercity-05-300x200.jpg 300w, https:\/\/explorit.ch\/wp-content\/uploads\/2021\/04\/Kindercity-05-1024x683.jpg 1024w, https:\/\/explorit.ch\/wp-content\/uploads\/2021\/04\/Kindercity-05-768x512.jpg 768w, https:\/\/explorit.ch\/wp-content\/uploads\/2021\/04\/Kindercity-05-1536x1024.jpg 1536w\" sizes=\"(max-width: 2048px) 100vw, 2048px\" \/><\/a>\n\t\t\t<\/div>\n\t\t\t\t<figcaption class='wp-caption-text gallery-caption' id='gallery-1-26043'>\n\t\t\t\tEspace ferme\n\t\t\t\t<\/figcaption><\/figure><figure class='gallery-item'>\n\t\t\t<div class='gallery-icon landscape'>\n\t\t\t\t<a data-elementor-open-lightbox=\"yes\" data-elementor-lightbox-slideshow=\"40b36b1\" data-elementor-lightbox-title=\"Kindercity-07\" data-e-action-hash=\"#elementor-action%3Aaction%3Dlightbox%26settings%3DeyJpZCI6MjYwNDcsInVybCI6Imh0dHBzOlwvXC9leHBsb3JpdC5jaFwvd3AtY29udGVudFwvdXBsb2Fkc1wvMjAyMVwvMDRcL0tpbmRlcmNpdHktMDcuanBnIiwic2xpZGVzaG93IjoiNDBiMzZiMSJ9\" href='https:\/\/explorit.ch\/wp-content\/uploads\/2021\/04\/Kindercity-07.jpg'><img loading=\"lazy\" decoding=\"async\" width=\"2047\" height=\"1365\" src=\"https:\/\/explorit.ch\/wp-content\/uploads\/2021\/04\/Kindercity-07.jpg\" class=\"attachment-full size-full\" alt=\"\" aria-describedby=\"gallery-1-26047\" srcset=\"https:\/\/explorit.ch\/wp-content\/uploads\/2021\/04\/Kindercity-07.jpg 2047w, https:\/\/explorit.ch\/wp-content\/uploads\/2021\/04\/Kindercity-07-300x200.jpg 300w, https:\/\/explorit.ch\/wp-content\/uploads\/2021\/04\/Kindercity-07-1024x683.jpg 1024w, https:\/\/explorit.ch\/wp-content\/uploads\/2021\/04\/Kindercity-07-768x512.jpg 768w, https:\/\/explorit.ch\/wp-content\/uploads\/2021\/04\/Kindercity-07-1536x1024.jpg 1536w\" sizes=\"(max-width: 2047px) 100vw, 2047px\" \/><\/a>\n\t\t\t<\/div>\n\t\t\t\t<figcaption class='wp-caption-text gallery-caption' id='gallery-1-26047'>\n\t\t\t\tUn petit tour &#8230;\n\t\t\t\t<\/figcaption><\/figure><figure class='gallery-item'>\n\t\t\t<div class='gallery-icon landscape'>\n\t\t\t\t<a data-elementor-open-lightbox=\"yes\" data-elementor-lightbox-slideshow=\"40b36b1\" data-elementor-lightbox-title=\"Kindercity-03\" data-e-action-hash=\"#elementor-action%3Aaction%3Dlightbox%26settings%3DeyJpZCI6MjYwNTUsInVybCI6Imh0dHBzOlwvXC9leHBsb3JpdC5jaFwvd3AtY29udGVudFwvdXBsb2Fkc1wvMjAyMVwvMDRcL0tpbmRlcmNpdHktMDMtMS5qcGciLCJzbGlkZXNob3ciOiI0MGIzNmIxIn0%3D\" href='https:\/\/explorit.ch\/wp-content\/uploads\/2021\/04\/Kindercity-03-1.jpg'><img loading=\"lazy\" decoding=\"async\" width=\"2048\" height=\"1365\" src=\"https:\/\/explorit.ch\/wp-content\/uploads\/2021\/04\/Kindercity-03-1.jpg\" class=\"attachment-full size-full\" alt=\"\" aria-describedby=\"gallery-1-26055\" srcset=\"https:\/\/explorit.ch\/wp-content\/uploads\/2021\/04\/Kindercity-03-1.jpg 2048w, https:\/\/explorit.ch\/wp-content\/uploads\/2021\/04\/Kindercity-03-1-300x200.jpg 300w, https:\/\/explorit.ch\/wp-content\/uploads\/2021\/04\/Kindercity-03-1-1024x683.jpg 1024w, https:\/\/explorit.ch\/wp-content\/uploads\/2021\/04\/Kindercity-03-1-768x512.jpg 768w, https:\/\/explorit.ch\/wp-content\/uploads\/2021\/04\/Kindercity-03-1-1536x1024.jpg 1536w\" sizes=\"(max-width: 2048px) 100vw, 2048px\" \/><\/a>\n\t\t\t<\/div>\n\t\t\t\t<figcaption class='wp-caption-text gallery-caption' id='gallery-1-26055'>\n\t\t\t\tEn montagne\n\t\t\t\t<\/figcaption><\/figure>\n\t\t<\/div>\n\t\t<\/div>\n\t\t\t\t\t\t<\/div>\n\t\t\t\t<\/div>\n\t\t\t\t\t<\/div>\n\t\t<\/div>\n\t\t\t\t\t<\/div>\n\t\t<\/section>\n\t\t\t\t<section class=\"elementor-section elementor-top-section elementor-element elementor-element-1b3eb96 elementor-section-boxed elementor-section-height-default elementor-section-height-default\" data-id=\"1b3eb96\" data-element_type=\"section\" data-settings=\"{&quot;background_background&quot;:&quot;classic&quot;}\">\n\t\t\t\t\t\t<div class=\"elementor-container elementor-column-gap-default\">\n\t\t\t\t\t<div class=\"elementor-column elementor-col-100 elementor-top-column elementor-element elementor-element-e229d59\" data-id=\"e229d59\" data-element_type=\"column\">\n\t\t\t<div class=\"elementor-widget-wrap elementor-element-populated\">\n\t\t\t\t\t\t<div class=\"elementor-element elementor-element-a3862eb elementor-widget elementor-widget-text-editor\" data-id=\"a3862eb\" data-element_type=\"widget\" data-widget_type=\"text-editor.default\">\n\t\t\t\t<div class=\"elementor-widget-container\">\n\t\t\t\t\t\t\t\t\t<p>Die Legende von Kookai Wei<\/p>\t\t\t\t\t\t\t\t<\/div>\n\t\t\t\t<\/div>\n\t\t\t\t<div class=\"elementor-element elementor-element-49ec861 elementor-widget elementor-widget-text-editor\" data-id=\"49ec861\" data-element_type=\"widget\" data-widget_type=\"text-editor.default\">\n\t\t\t\t<div class=\"elementor-widget-container\">\n\t\t\t\t\t\t\t\t\t<p>Die Kookai-Wei-Kaninchen besuchten den Planeten, der heute keine Geheimnisse mehr f\u00fcr sie hat. <b>Greeny<\/b>, ist ein Recycling-Fan. Sie erkannte, dass der M\u00fcll die Welt \u00fcberschwemmt. Also beschlie\u00dft sie, mit ihren Freunden zu gehen, um so viele Erdjuwelen wie m\u00f6glich zu sammeln. Nach einer langen und gro\u00dfen Reise sind die f\u00fcnf Kaninchenfreunde wieder in ihrer H\u00f6hle. Jeder mit einer Beute: <b>Fredy<\/b> mit Wundern des Meeresbodens, <b>Loula<\/b> mit einem ganz kleinen Stamm von einzigartigen Tieren, <b>Jardy<\/b> mit gigantischen Pflanzen und <b>Globule<\/b> mit kleinen Fl\u00e4schchen aus allen Gew\u00e4ssern der Welt.<\/p><p>Als Grenny zu Hause ankam, rast sie in ihr Atelier und schloss sich f\u00fcr mehr als ein Jahr ein.\u00a0<span style=\"font-size: 18px; font-style: normal; font-weight: 300;\">Aber was machte sie?<\/span><span style=\"font-size: 18px; font-style: normal; font-weight: 300;\">\u00a0<\/span><\/p><p style=\"font-size: 18px; font-style: normal; font-weight: 300;\"><span style=\"font-size: 18px; font-style: normal; font-weight: 300;\">Eines Tages \u00f6ffnet sie ihr Atelier f\u00fcr die anderen Kookai Wie\u2019s, die dann einen Ort voller Ideen, innovativer L\u00f6sungen und Spiele entdecken&#8230; ein einzigartiger Ort, an dem\u00a0<\/span>Greeny nach viel Arbeit einen Planeten ohne Abfall ersonnen hat. Dann wird ihren Freunden klar, dass es an der Zeit ist, etwas zu tun, um die Erde zu retten. Die Zeit dr\u00e4ngt, unser einst so gr\u00fcner, lebendiger, sch\u00f6ner Planet erlischt langsam. Wir m\u00fcssen schnell handeln, um sie zu retten!<\/p><p style=\"font-size: 18px; font-style: normal; font-weight: 300;\">Die Kinder von heute sind die Helden des Planeten von morgen, weshalb unsere Freunde die Kookai Wei beschlie\u00dfen, die T\u00fcren ihrer riesigen H\u00f6hle zu \u00f6ffnen. Ab sofort k\u00f6nnen die Kinder dort die zu rettenden Irdischen Sch\u00e4tze entdecken. Unsere Besucher k\u00f6nnen diese Wunder entdecken und wie man sie bewahren kann. Gemeinsam verwandeln sie sich in wahre Entdecker und Sch\u00f6pfer unserer Zukunft.<\/p>\t\t\t\t\t\t\t\t<\/div>\n\t\t\t\t<\/div>\n\t\t\t\t<div class=\"elementor-element elementor-element-7480696 elementor-align-center elementor-mobile-align-center elementor-widget elementor-widget-button\" data-id=\"7480696\" data-element_type=\"widget\" data-widget_type=\"button.default\">\n\t\t\t\t<div class=\"elementor-widget-container\">\n\t\t\t\t\t\t\t\t\t<div class=\"elementor-button-wrapper\">\n\t\t\t\t\t<a class=\"elementor-button elementor-button-link elementor-size-lg elementor-animation-sink\" href=\"https:\/\/explorit.ch\/de\/tickets-2\/\">\n\t\t\t\t\t\t<span class=\"elementor-button-content-wrapper\">\n\t\t\t\t\t\t\t\t\t<span class=\"elementor-button-text\">Kaufen Sie Ihre Tickets online<\/span>\n\t\t\t\t\t<\/span>\n\t\t\t\t\t<\/a>\n\t\t\t\t<\/div>\n\t\t\t\t\t\t\t\t<\/div>\n\t\t\t\t<\/div>\n\t\t\t\t\t<\/div>\n\t\t<\/div>\n\t\t\t\t\t<\/div>\n\t\t<\/section>\n\t\t\t\t<section class=\"elementor-section elementor-top-section elementor-element elementor-element-65fc597 elementor-section-boxed elementor-section-height-default elementor-section-height-default\" data-id=\"65fc597\" data-element_type=\"section\" data-settings=\"{&quot;background_background&quot;:&quot;classic&quot;}\">\n\t\t\t\t\t\t<div class=\"elementor-container elementor-column-gap-default\">\n\t\t\t\t\t<div class=\"elementor-column elementor-col-100 elementor-top-column elementor-element elementor-element-a826109\" data-id=\"a826109\" data-element_type=\"column\">\n\t\t\t<div class=\"elementor-widget-wrap elementor-element-populated\">\n\t\t\t\t\t\t<div class=\"elementor-element elementor-element-488b946 elementor-widget elementor-widget-video\" data-id=\"488b946\" data-element_type=\"widget\" data-settings=\"{&quot;youtube_url&quot;:&quot;https:\\\/\\\/youtu.be\\\/c20fUmoBmbc&quot;,&quot;autoplay&quot;:&quot;yes&quot;,&quot;video_type&quot;:&quot;youtube&quot;,&quot;controls&quot;:&quot;yes&quot;}\" data-widget_type=\"video.default\">\n\t\t\t\t<div class=\"elementor-widget-container\">\n\t\t\t\t\t\t\t<div class=\"elementor-wrapper elementor-open-inline\">\n\t\t\t<div class=\"elementor-video\"><\/div>\t\t<\/div>\n\t\t\t\t\t\t<\/div>\n\t\t\t\t<\/div>\n\t\t\t\t\t<\/div>\n\t\t<\/div>\n\t\t\t\t\t<\/div>\n\t\t<\/section>\n\t\t\t\t<\/div>\n\t\t","protected":false},"excerpt":{"rendered":"<p>Die Welten der Wunder F\u00fcr Kinder von 0-6 Jahren und ihre Familien Die Kinder dringen in die riesige Kookai-Wei-H\u00f6hle ein. Sie entdecken dort unter einer Blase ihren kleinen gemeinsamen Garten (wo wir sie f\u00fcr die Permakultur sensibilisieren, f\u00fcr die Rollen der Insekten und erkl\u00e4ren ihnen den Prozess des Pflanzenwachstums). Unsere f\u00fcnf Welten werden durch f\u00fcnf [&hellip;]<\/p>\n","protected":false},"author":15,"featured_media":0,"parent":0,"menu_order":1,"comment_status":"closed","ping_status":"closed","template":"elementor_header_footer","meta":{"site-sidebar-layout":"no-sidebar","site-content-layout":"page-builder","ast-site-content-layout":"default","site-content-style":"default","site-sidebar-style":"default","ast-global-header-display":"","ast-banner-title-visibility":"","ast-main-header-display":"disabled","ast-hfb-above-header-display":"","ast-hfb-below-header-display":"","ast-hfb-mobile-header-display":"","site-post-title":"disabled","ast-breadcrumbs-content":"","ast-featured-img":"disabled","footer-sml-layout":"","theme-transparent-header-meta":"default","adv-header-id-meta":"","stick-header-meta":"","header-above-stick-meta":"","header-main-stick-meta":"","header-below-stick-meta":"","astra-migrate-meta-layouts":"default","ast-page-background-enabled":"default","ast-page-background-meta":{"desktop":{"background-color":"","background-image":"","background-repeat":"repeat","background-position":"center center","background-size":"auto","background-attachment":"scroll","background-type":"","background-media":"","overlay-type":"","overlay-color":"","overlay-opacity":"","overlay-gradient":""},"tablet":{"background-color":"","background-image":"","background-repeat":"repeat","background-position":"center center","background-size":"auto","background-attachment":"scroll","background-type":"","background-media":"","overlay-type":"","overlay-color":"","overlay-opacity":"","overlay-gradient":""},"mobile":{"background-color":"","background-image":"","background-repeat":"repeat","background-position":"center center","background-size":"auto","background-attachment":"scroll","background-type":"","background-media":"","overlay-type":"","overlay-color":"","overlay-opacity":"","overlay-gradient":""}},"ast-content-background-meta":{"desktop":{"background-color":"var(--ast-global-color-5)","background-image":"","background-repeat":"repeat","background-position":"center center","background-size":"auto","background-attachment":"scroll","background-type":"","background-media":"","overlay-type":"","overlay-color":"","overlay-opacity":"","overlay-gradient":""},"tablet":{"background-color":"var(--ast-global-color-5)","background-image":"","background-repeat":"repeat","background-position":"center center","background-size":"auto","background-attachment":"scroll","background-type":"","background-media":"","overlay-type":"","overlay-color":"","overlay-opacity":"","overlay-gradient":""},"mobile":{"background-color":"var(--ast-global-color-5)","background-image":"","background-repeat":"repeat","background-position":"center center","background-size":"auto","background-attachment":"scroll","background-type":"","background-media":"","overlay-type":"","overlay-color":"","overlay-opacity":"","overlay-gradient":""}},"footnotes":""},"class_list":["post-16123","page","type-page","status-publish","hentry"],"aioseo_notices":[],"_links":{"self":[{"href":"https:\/\/explorit.ch\/de\/wp-json\/wp\/v2\/pages\/16123","targetHints":{"allow":["GET"]}}],"collection":[{"href":"https:\/\/explorit.ch\/de\/wp-json\/wp\/v2\/pages"}],"about":[{"href":"https:\/\/explorit.ch\/de\/wp-json\/wp\/v2\/types\/page"}],"author":[{"embeddable":true,"href":"https:\/\/explorit.ch\/de\/wp-json\/wp\/v2\/users\/15"}],"replies":[{"embeddable":true,"href":"https:\/\/explorit.ch\/de\/wp-json\/wp\/v2\/comments?post=16123"}],"version-history":[{"count":41,"href":"https:\/\/explorit.ch\/de\/wp-json\/wp\/v2\/pages\/16123\/revisions"}],"predecessor-version":[{"id":38006,"href":"https:\/\/explorit.ch\/de\/wp-json\/wp\/v2\/pages\/16123\/revisions\/38006"}],"wp:attachment":[{"href":"https:\/\/explorit.ch\/de\/wp-json\/wp\/v2\/media?parent=16123"}],"curies":[{"name":"wp","href":"https:\/\/api.w.org\/{rel}","templated":true}]}}