{"id":16176,"date":"2020-02-13T12:56:41","date_gmt":"2020-02-13T12:56:41","guid":{"rendered":"https:\/\/explorit.ch\/yverdon\/kidsclub\/camps-vacances\/"},"modified":"2026-02-09T09:02:34","modified_gmt":"2026-02-09T08:02:34","slug":"feriencamp","status":"publish","type":"page","link":"https:\/\/explorit.ch\/de\/kidsclub\/feriencamp\/","title":{"rendered":"Feriencamp"},"content":{"rendered":"\t\t<div data-elementor-type=\"wp-page\" data-elementor-id=\"16176\" class=\"elementor elementor-16176 elementor-15636\" data-elementor-post-type=\"page\">\n\t\t\t\t\t\t<section class=\"elementor-section elementor-top-section elementor-element elementor-element-ed2c1b7 elementor-section-full_width elementor-section-height-default elementor-section-height-default\" data-id=\"ed2c1b7\" data-element_type=\"section\" data-settings=\"{&quot;background_background&quot;:&quot;classic&quot;}\">\n\t\t\t\t\t\t<div class=\"elementor-container elementor-column-gap-wide\">\n\t\t\t\t\t<div class=\"elementor-column elementor-col-100 elementor-top-column elementor-element elementor-element-9205a91\" data-id=\"9205a91\" data-element_type=\"column\">\n\t\t\t<div class=\"elementor-widget-wrap elementor-element-populated\">\n\t\t\t\t\t\t<div class=\"elementor-element elementor-element-4d65ec4 elementor-widget elementor-widget-spacer\" data-id=\"4d65ec4\" data-element_type=\"widget\" data-widget_type=\"spacer.default\">\n\t\t\t\t<div class=\"elementor-widget-container\">\n\t\t\t\t\t\t\t<div class=\"elementor-spacer\">\n\t\t\t<div class=\"elementor-spacer-inner\"><\/div>\n\t\t<\/div>\n\t\t\t\t\t\t<\/div>\n\t\t\t\t<\/div>\n\t\t\t\t\t<\/div>\n\t\t<\/div>\n\t\t\t\t\t<\/div>\n\t\t<\/section>\n\t\t\t\t<section class=\"elementor-section elementor-top-section elementor-element elementor-element-b272164 elementor-section-boxed elementor-section-height-default elementor-section-height-default\" data-id=\"b272164\" data-element_type=\"section\" data-settings=\"{&quot;background_background&quot;:&quot;classic&quot;}\">\n\t\t\t\t\t\t<div class=\"elementor-container elementor-column-gap-default\">\n\t\t\t\t\t<div class=\"elementor-column elementor-col-100 elementor-top-column elementor-element elementor-element-225ba3e\" data-id=\"225ba3e\" data-element_type=\"column\">\n\t\t\t<div class=\"elementor-widget-wrap elementor-element-populated\">\n\t\t\t\t\t\t<div class=\"elementor-element elementor-element-c1467e2 elementor-widget elementor-widget-heading\" data-id=\"c1467e2\" data-element_type=\"widget\" data-widget_type=\"heading.default\">\n\t\t\t\t<div class=\"elementor-widget-container\">\n\t\t\t\t\t<h1 class=\"elementor-heading-title elementor-size-default\">Feriencamp in EXPLORiT<\/h1>\t\t\t\t<\/div>\n\t\t\t\t<\/div>\n\t\t\t\t<div class=\"elementor-element elementor-element-a8f9573 elementor-widget-divider--view-line elementor-widget elementor-widget-divider\" data-id=\"a8f9573\" data-element_type=\"widget\" data-widget_type=\"divider.default\">\n\t\t\t\t<div class=\"elementor-widget-container\">\n\t\t\t\t\t\t\t<div class=\"elementor-divider\">\n\t\t\t<span class=\"elementor-divider-separator\">\n\t\t\t\t\t\t<\/span>\n\t\t<\/div>\n\t\t\t\t\t\t<\/div>\n\t\t\t\t<\/div>\n\t\t\t\t<div class=\"elementor-element elementor-element-250fc7e elementor-widget elementor-widget-heading\" data-id=\"250fc7e\" data-element_type=\"widget\" data-widget_type=\"heading.default\">\n\t\t\t\t<div class=\"elementor-widget-container\">\n\t\t\t\t\t<h2 class=\"elementor-heading-title elementor-size-default\">LEISTUNG &amp; ANGEBOT<\/h2>\t\t\t\t<\/div>\n\t\t\t\t<\/div>\n\t\t\t\t<div class=\"elementor-element elementor-element-5868053 elementor-widget elementor-widget-text-editor\" data-id=\"5868053\" data-element_type=\"widget\" data-widget_type=\"text-editor.default\">\n\t\t\t\t<div class=\"elementor-widget-container\">\n\t\t\t\t\t\t\t\t\t<p>Das ganze Jahr \u00fcber bieten wir Kindern im Alter von 4 bis 12 Jahren Tage voller Aktivit\u00e4ten, Spiele und spannender Erlebnisse.\u00a0<\/p><p>Die Camps finden w\u00e4hrend der Sommerferien, im Oktober, Februar und April statt.<\/p>\t\t\t\t\t\t\t\t<\/div>\n\t\t\t\t<\/div>\n\t\t\t\t<section class=\"elementor-section elementor-inner-section elementor-element elementor-element-47bc10c elementor-section-boxed elementor-section-height-default elementor-section-height-default\" data-id=\"47bc10c\" data-element_type=\"section\">\n\t\t\t\t\t\t<div class=\"elementor-container elementor-column-gap-default\">\n\t\t\t\t\t<div class=\"elementor-column elementor-col-50 elementor-inner-column elementor-element elementor-element-887844a\" data-id=\"887844a\" data-element_type=\"column\">\n\t\t\t<div class=\"elementor-widget-wrap elementor-element-populated\">\n\t\t\t\t\t\t<div class=\"elementor-element elementor-element-456a970 elementor-widget elementor-widget-text-editor\" data-id=\"456a970\" data-element_type=\"widget\" data-widget_type=\"text-editor.default\">\n\t\t\t\t<div class=\"elementor-widget-container\">\n\t\t\t\t\t\t\t\t\t<p><strong>Preis:<\/strong><\/p><ul><li>95.- pro Tag<\/li><li>390.- f\u00fcr die ganze Woche (5 Tage)<\/li><\/ul><p><br \/><strong>\u00d6ffnungszeiten<\/strong>:<\/p><ul><li>Ankunft zwischen 8:00 und 8:30 Uhr<\/li><li>Abreise zwischen 16:30 und 17:30 Uhr<\/li><\/ul><p><strong>In diesem Tag sind enthalten:<\/strong><\/p><ul><li>Snack, Mittagessen, Nachmittagsimbiss und Getr\u00e4nke (hausgemacht)<\/li><li>Aktivit\u00e4ten unter Anleitung einer Betreuerin<\/li><li>Freier Eintritt zu den Ausstellungen Sciencity und Kindercity<\/li><\/ul>\t\t\t\t\t\t\t\t<\/div>\n\t\t\t\t<\/div>\n\t\t\t\t\t<\/div>\n\t\t<\/div>\n\t\t\t\t<div class=\"elementor-column elementor-col-50 elementor-inner-column elementor-element elementor-element-9567d6b\" data-id=\"9567d6b\" data-element_type=\"column\">\n\t\t\t<div class=\"elementor-widget-wrap elementor-element-populated\">\n\t\t\t\t\t\t<div class=\"elementor-element elementor-element-38ed595 elementor-widget elementor-widget-text-editor\" data-id=\"38ed595\" data-element_type=\"widget\" data-widget_type=\"text-editor.default\">\n\t\t\t\t<div class=\"elementor-widget-container\">\n\t\t\t\t\t\t\t\t\t<p><strong>Angebotene Aktivit\u00e4ten w\u00e4hrend der Woche:<\/strong><\/p>\n<p>Kreativ-Workshops (Basteln, Recycling, Zeichnen, Malen, Puppenspiel), Gartenarbeit, verschiedene Workshops und Spiele, Cr\u00eapes-Party,&nbsp; Kinobesuch (je nach Kinoprogramm und Alter der Kinder), Spiele im Freien&#8230;<\/p>\n<p><span style=\"text-decoration: underline;\">Aber auch: \u2026<\/span><br>Freies Spielen oder Spiele unter Anleitung des Animationsteams<br>Gesellschaftsspiele<br>Zugang zu Kindercity<br>Zugang zum Spielplatz im Freien<\/p>\t\t\t\t\t\t\t\t<\/div>\n\t\t\t\t<\/div>\n\t\t\t\t\t<\/div>\n\t\t<\/div>\n\t\t\t\t\t<\/div>\n\t\t<\/section>\n\t\t\t\t<div class=\"elementor-element elementor-element-75d47bf elementor-button-info elementor-align-center elementor-widget elementor-widget-button\" data-id=\"75d47bf\" data-element_type=\"widget\" data-widget_type=\"button.default\">\n\t\t\t\t<div class=\"elementor-widget-container\">\n\t\t\t\t\t\t\t\t\t<div class=\"elementor-button-wrapper\">\n\t\t\t\t\t<a class=\"elementor-button elementor-button-link elementor-size-sm\" href=\"https:\/\/explorit.ch\/kidsclub\/camps-vacances-yverdon\/formulaire-inscription-camps-de-vacances\/\">\n\t\t\t\t\t\t<span class=\"elementor-button-content-wrapper\">\n\t\t\t\t\t\t\t\t\t<span class=\"elementor-button-text\">Anmeldung f\u00fcr die n\u00e4chsten Camps (FR)<\/span>\n\t\t\t\t\t<\/span>\n\t\t\t\t\t<\/a>\n\t\t\t\t<\/div>\n\t\t\t\t\t\t\t\t<\/div>\n\t\t\t\t<\/div>\n\t\t\t\t\t<\/div>\n\t\t<\/div>\n\t\t\t\t\t<\/div>\n\t\t<\/section>\n\t\t\t\t<\/div>\n\t\t","protected":false},"excerpt":{"rendered":"<p>Feriencamp in EXPLORiT LEISTUNG &amp; ANGEBOT Das ganze Jahr \u00fcber bieten wir Kindern im Alter von 4 bis 12 Jahren Tage voller Aktivit\u00e4ten, Spiele und spannender Erlebnisse.\u00a0 Die Camps finden w\u00e4hrend der Sommerferien, im Oktober, Februar und April statt. Preis: 95.- pro Tag 390.- f\u00fcr die ganze Woche (5 Tage) \u00d6ffnungszeiten: Ankunft zwischen 8:00 und [&hellip;]<\/p>\n","protected":false},"author":15,"featured_media":0,"parent":16139,"menu_order":6,"comment_status":"closed","ping_status":"closed","template":"elementor_header_footer","meta":{"site-sidebar-layout":"no-sidebar","site-content-layout":"page-builder","ast-site-content-layout":"default","site-content-style":"default","site-sidebar-style":"default","ast-global-header-display":"","ast-banner-title-visibility":"","ast-main-header-display":"disabled","ast-hfb-above-header-display":"","ast-hfb-below-header-display":"","ast-hfb-mobile-header-display":"","site-post-title":"disabled","ast-breadcrumbs-content":"","ast-featured-img":"disabled","footer-sml-layout":"","theme-transparent-header-meta":"default","adv-header-id-meta":"","stick-header-meta":"","header-above-stick-meta":"","header-main-stick-meta":"","header-below-stick-meta":"","astra-migrate-meta-layouts":"default","ast-page-background-enabled":"default","ast-page-background-meta":{"desktop":{"background-color":"","background-image":"","background-repeat":"repeat","background-position":"center center","background-size":"auto","background-attachment":"scroll","background-type":"","background-media":"","overlay-type":"","overlay-color":"","overlay-opacity":"","overlay-gradient":""},"tablet":{"background-color":"","background-image":"","background-repeat":"repeat","background-position":"center center","background-size":"auto","background-attachment":"scroll","background-type":"","background-media":"","overlay-type":"","overlay-color":"","overlay-opacity":"","overlay-gradient":""},"mobile":{"background-color":"","background-image":"","background-repeat":"repeat","background-position":"center center","background-size":"auto","background-attachment":"scroll","background-type":"","background-media":"","overlay-type":"","overlay-color":"","overlay-opacity":"","overlay-gradient":""}},"ast-content-background-meta":{"desktop":{"background-color":"var(--ast-global-color-5)","background-image":"","background-repeat":"repeat","background-position":"center center","background-size":"auto","background-attachment":"scroll","background-type":"","background-media":"","overlay-type":"","overlay-color":"","overlay-opacity":"","overlay-gradient":""},"tablet":{"background-color":"var(--ast-global-color-5)","background-image":"","background-repeat":"repeat","background-position":"center center","background-size":"auto","background-attachment":"scroll","background-type":"","background-media":"","overlay-type":"","overlay-color":"","overlay-opacity":"","overlay-gradient":""},"mobile":{"background-color":"var(--ast-global-color-5)","background-image":"","background-repeat":"repeat","background-position":"center center","background-size":"auto","background-attachment":"scroll","background-type":"","background-media":"","overlay-type":"","overlay-color":"","overlay-opacity":"","overlay-gradient":""}},"footnotes":""},"class_list":["post-16176","page","type-page","status-publish","hentry"],"aioseo_notices":[],"_links":{"self":[{"href":"https:\/\/explorit.ch\/de\/wp-json\/wp\/v2\/pages\/16176","targetHints":{"allow":["GET"]}}],"collection":[{"href":"https:\/\/explorit.ch\/de\/wp-json\/wp\/v2\/pages"}],"about":[{"href":"https:\/\/explorit.ch\/de\/wp-json\/wp\/v2\/types\/page"}],"author":[{"embeddable":true,"href":"https:\/\/explorit.ch\/de\/wp-json\/wp\/v2\/users\/15"}],"replies":[{"embeddable":true,"href":"https:\/\/explorit.ch\/de\/wp-json\/wp\/v2\/comments?post=16176"}],"version-history":[{"count":15,"href":"https:\/\/explorit.ch\/de\/wp-json\/wp\/v2\/pages\/16176\/revisions"}],"predecessor-version":[{"id":44786,"href":"https:\/\/explorit.ch\/de\/wp-json\/wp\/v2\/pages\/16176\/revisions\/44786"}],"up":[{"embeddable":true,"href":"https:\/\/explorit.ch\/de\/wp-json\/wp\/v2\/pages\/16139"}],"wp:attachment":[{"href":"https:\/\/explorit.ch\/de\/wp-json\/wp\/v2\/media?parent=16176"}],"curies":[{"name":"wp","href":"https:\/\/api.w.org\/{rel}","templated":true}]}}