{"id":19455,"date":"2020-06-15T08:17:50","date_gmt":"2020-06-15T06:17:50","guid":{"rendered":"https:\/\/explorit.ch\/?page_id=19455"},"modified":"2021-08-30T10:30:35","modified_gmt":"2021-08-30T08:30:35","slug":"restaurant","status":"publish","type":"page","link":"https:\/\/explorit.ch\/de\/volketswil\/restaurant\/","title":{"rendered":"Restaurant"},"content":{"rendered":"\t\t<div data-elementor-type=\"wp-page\" data-elementor-id=\"19455\" class=\"elementor elementor-19455\" data-elementor-post-type=\"page\">\n\t\t\t\t\t\t<section class=\"elementor-section elementor-top-section elementor-element elementor-element-edd8d54 elementor-section-full_width elementor-section-height-default elementor-section-height-default\" data-id=\"edd8d54\" data-element_type=\"section\" data-settings=\"{&quot;background_background&quot;:&quot;classic&quot;}\">\n\t\t\t\t\t\t<div class=\"elementor-container elementor-column-gap-wide\">\n\t\t\t\t\t<div class=\"elementor-column elementor-col-100 elementor-top-column elementor-element elementor-element-8d33038\" data-id=\"8d33038\" data-element_type=\"column\">\n\t\t\t<div class=\"elementor-widget-wrap elementor-element-populated\">\n\t\t\t\t\t\t<div class=\"elementor-element elementor-element-1c6e134 elementor-widget elementor-widget-spacer\" data-id=\"1c6e134\" data-element_type=\"widget\" data-widget_type=\"spacer.default\">\n\t\t\t\t<div class=\"elementor-widget-container\">\n\t\t\t\t\t\t\t<div class=\"elementor-spacer\">\n\t\t\t<div class=\"elementor-spacer-inner\"><\/div>\n\t\t<\/div>\n\t\t\t\t\t\t<\/div>\n\t\t\t\t<\/div>\n\t\t\t\t\t<\/div>\n\t\t<\/div>\n\t\t\t\t\t<\/div>\n\t\t<\/section>\n\t\t\t\t<section class=\"elementor-section elementor-top-section elementor-element elementor-element-9ac5885 elementor-section-boxed elementor-section-height-default elementor-section-height-default\" data-id=\"9ac5885\" data-element_type=\"section\">\n\t\t\t\t\t\t<div class=\"elementor-container elementor-column-gap-default\">\n\t\t\t\t\t<div class=\"elementor-column elementor-col-100 elementor-top-column elementor-element elementor-element-5df830f\" data-id=\"5df830f\" data-element_type=\"column\">\n\t\t\t<div class=\"elementor-widget-wrap elementor-element-populated\">\n\t\t\t\t\t\t<div class=\"elementor-element elementor-element-a2c1aa4 elementor-widget elementor-widget-heading\" data-id=\"a2c1aa4\" data-element_type=\"widget\" data-widget_type=\"heading.default\">\n\t\t\t\t<div class=\"elementor-widget-container\">\n\t\t\t\t\t<h2 class=\"elementor-heading-title elementor-size-default\">Restaurant<\/h2>\t\t\t\t<\/div>\n\t\t\t\t<\/div>\n\t\t\t\t<div class=\"elementor-element elementor-element-bc45bb2 elementor-position-left elementor-vertical-align-top elementor-widget elementor-widget-image-box\" data-id=\"bc45bb2\" data-element_type=\"widget\" data-widget_type=\"image-box.default\">\n\t\t\t\t<div class=\"elementor-widget-container\">\n\t\t\t\t\t<div class=\"elementor-image-box-wrapper\"><figure class=\"elementor-image-box-img\"><img fetchpriority=\"high\" decoding=\"async\" width=\"605\" height=\"428\" src=\"https:\/\/explorit.ch\/wp-content\/uploads\/2021\/08\/genusswoche.png\" class=\"attachment-full size-full wp-image-28502\" alt=\"\" srcset=\"https:\/\/explorit.ch\/wp-content\/uploads\/2021\/08\/genusswoche.png 605w, https:\/\/explorit.ch\/wp-content\/uploads\/2021\/08\/genusswoche-300x212.png 300w\" sizes=\"(max-width: 605px) 100vw, 605px\" \/><\/figure><div class=\"elementor-image-box-content\"><h3 class=\"elementor-image-box-title\">Genusswoche 2021 \u2013 wir sind mit dabei! <\/h3><p class=\"elementor-image-box-description\">Tauchen Sie ein in die wunderbare Welt des Genusses und machen Sie sich auf eine kulinarische Entdeckungsreise. Vom 10. \u2013 26. September bieten Ihnen 38 Anl\u00e4sse, verteilt im ganzen Z\u00fcrioberland, vielseitige Erlebnisse rund um regionale K\u00f6stlichkeiten und Traditionen. <br>\nAuch wir sind Teil davon. Besuchen Sie uns am 12. September 2021 und 26. September 2021 zum EXPLORiT Kin-dercity Anlass. Melden Sie sich an, wir freuen uns auf Sie! \n<br>\n<b>Anmeldung unter: volketswil@explorit.ch oder 043 204 30 60<\/b><\/p><\/div><\/div>\t\t\t\t<\/div>\n\t\t\t\t<\/div>\n\t\t\t\t<div class=\"elementor-element elementor-element-03aec16 elementor-widget elementor-widget-text-editor\" data-id=\"03aec16\" data-element_type=\"widget\" data-widget_type=\"text-editor.default\">\n\t\t\t\t<div class=\"elementor-widget-container\">\n\t\t\t\t\t\t\t\t\t<p>In unserem 250m2 grossen Restaurant mit 200 Sitzpl\u00e4tzen verw\u00f6hnen wir Sie gerne mit unseren feinen Gerichten f\u00fcr Gross und Klein. Wir\u00a0bieten\u00a0 Ihren Kindern eine grossz\u00fcgige\u00a0<span style=\"font-size: 18px;\">Spielecke mit tollen Spielsachen an. So k\u00f6nnen Sie Ihr Essen in Ruhe geniessen.<\/span><\/p><p>Unser EXPLORiT Kindercity Restaurant hat die Gr\u00f6sse und Infrastruktur f\u00fcr Anl\u00e4sse jeglicher Art.<\/p><ul type=\"disc\"><li>Familienanl\u00e4sse f\u00fcr Kunden und\/oder Mitarbeiter<\/li><li>Familien-Event<\/li><li>Weihnachtsevent f\u00fcr Kunden und\/oder Mitarbeiter<\/li><li>Jubil\u00e4umsfeste, runde Geburtstage von Marken und Firmen, geladen sind Angestellte und\/oder Kunden und deren Familien<\/li><li>Betriebsausfl\u00fcge \/ Pressekonferenzen<\/li><li>Businessausbildungen ohne Familien \/ Businessausbildungen mit Familien<\/li><li>Sommerpartys \u2013 Weihnachtsanl\u00e4sse<\/li><\/ul>\t\t\t\t\t\t\t\t<\/div>\n\t\t\t\t<\/div>\n\t\t\t\t<div class=\"elementor-element elementor-element-3d53293 elementor-widget elementor-widget-heading\" data-id=\"3d53293\" data-element_type=\"widget\" data-widget_type=\"heading.default\">\n\t\t\t\t<div class=\"elementor-widget-container\">\n\t\t\t\t\t<h3 class=\"elementor-heading-title elementor-size-default\">Unsere Gerichte:<\/h3>\t\t\t\t<\/div>\n\t\t\t\t<\/div>\n\t\t\t\t<div class=\"elementor-element elementor-element-e387cdb elementor-widget elementor-widget-text-editor\" data-id=\"e387cdb\" data-element_type=\"widget\" data-widget_type=\"text-editor.default\">\n\t\t\t\t<div class=\"elementor-widget-container\">\n\t\t\t\t\t\t\t\t\t<ul><li>Pizza<\/li><li><span style=\"font-size: 16px;\">Pommes-Festival<\/span><\/li><li>Spaghetti und Penne mit diversen Saucen (Pesto, Bolognese, Tomate)<\/li><li>Chicken Nuggets, Poulet Fl\u00fcgeli, Fischknusperli<\/li><li>frisches Saisongem\u00fcse<\/li><li>Salat Buffet<\/li><li>Desserts (diverse Kuchen, Donuts, Berliner, Pana Cotta, Tiramisu&#8230;)<\/li><li>Omelette (K\u00e4se, Schinken, Nature)<\/li><\/ul>\t\t\t\t\t\t\t\t<\/div>\n\t\t\t\t<\/div>\n\t\t\t\t<div class=\"elementor-element elementor-element-ee220c6 elementor-widget elementor-widget-image\" data-id=\"ee220c6\" data-element_type=\"widget\" data-widget_type=\"image.default\">\n\t\t\t\t<div class=\"elementor-widget-container\">\n\t\t\t\t\t\t\t\t\t\t\t\t\t\t\t<img decoding=\"async\" width=\"768\" height=\"432\" src=\"https:\/\/explorit.ch\/wp-content\/uploads\/2020\/06\/Kookai-Wei_Pizza-768x432.jpg\" class=\"attachment-medium_large size-medium_large wp-image-19616\" alt=\"\" srcset=\"https:\/\/explorit.ch\/wp-content\/uploads\/2020\/06\/Kookai-Wei_Pizza-768x432.jpg 768w, https:\/\/explorit.ch\/wp-content\/uploads\/2020\/06\/Kookai-Wei_Pizza-300x169.jpg 300w, https:\/\/explorit.ch\/wp-content\/uploads\/2020\/06\/Kookai-Wei_Pizza-1024x576.jpg 1024w\" sizes=\"(max-width: 768px) 100vw, 768px\" \/>\t\t\t\t\t\t\t\t\t\t\t\t\t\t\t<\/div>\n\t\t\t\t<\/div>\n\t\t\t\t\t<\/div>\n\t\t<\/div>\n\t\t\t\t\t<\/div>\n\t\t<\/section>\n\t\t\t\t<\/div>\n\t\t","protected":false},"excerpt":{"rendered":"<p>Restaurant Genusswoche 2021 \u2013 wir sind mit dabei! Tauchen Sie ein in die wunderbare Welt des Genusses und machen Sie sich auf eine kulinarische Entdeckungsreise. Vom 10. \u2013 26. September bieten Ihnen 38 Anl\u00e4sse, verteilt im ganzen Z\u00fcrioberland, vielseitige Erlebnisse rund um regionale K\u00f6stlichkeiten und Traditionen. Auch wir sind Teil davon. Besuchen Sie uns am [&hellip;]<\/p>\n","protected":false},"author":15,"featured_media":0,"parent":10714,"menu_order":0,"comment_status":"closed","ping_status":"closed","template":"elementor_header_footer","meta":{"site-sidebar-layout":"no-sidebar","site-content-layout":"page-builder","ast-site-content-layout":"default","site-content-style":"default","site-sidebar-style":"default","ast-global-header-display":"","ast-banner-title-visibility":"","ast-main-header-display":"disabled","ast-hfb-above-header-display":"","ast-hfb-below-header-display":"","ast-hfb-mobile-header-display":"","site-post-title":"disabled","ast-breadcrumbs-content":"","ast-featured-img":"disabled","footer-sml-layout":"","theme-transparent-header-meta":"default","adv-header-id-meta":"","stick-header-meta":"","header-above-stick-meta":"","header-main-stick-meta":"","header-below-stick-meta":"","astra-migrate-meta-layouts":"default","ast-page-background-enabled":"default","ast-page-background-meta":{"desktop":{"background-color":"","background-image":"","background-repeat":"repeat","background-position":"center center","background-size":"auto","background-attachment":"scroll","background-type":"","background-media":"","overlay-type":"","overlay-color":"","overlay-opacity":"","overlay-gradient":""},"tablet":{"background-color":"","background-image":"","background-repeat":"repeat","background-position":"center center","background-size":"auto","background-attachment":"scroll","background-type":"","background-media":"","overlay-type":"","overlay-color":"","overlay-opacity":"","overlay-gradient":""},"mobile":{"background-color":"","background-image":"","background-repeat":"repeat","background-position":"center center","background-size":"auto","background-attachment":"scroll","background-type":"","background-media":"","overlay-type":"","overlay-color":"","overlay-opacity":"","overlay-gradient":""}},"ast-content-background-meta":{"desktop":{"background-color":"var(--ast-global-color-5)","background-image":"","background-repeat":"repeat","background-position":"center center","background-size":"auto","background-attachment":"scroll","background-type":"","background-media":"","overlay-type":"","overlay-color":"","overlay-opacity":"","overlay-gradient":""},"tablet":{"background-color":"var(--ast-global-color-5)","background-image":"","background-repeat":"repeat","background-position":"center center","background-size":"auto","background-attachment":"scroll","background-type":"","background-media":"","overlay-type":"","overlay-color":"","overlay-opacity":"","overlay-gradient":""},"mobile":{"background-color":"var(--ast-global-color-5)","background-image":"","background-repeat":"repeat","background-position":"center center","background-size":"auto","background-attachment":"scroll","background-type":"","background-media":"","overlay-type":"","overlay-color":"","overlay-opacity":"","overlay-gradient":""}},"footnotes":""},"class_list":["post-19455","page","type-page","status-publish","hentry"],"aioseo_notices":[],"_links":{"self":[{"href":"https:\/\/explorit.ch\/de\/wp-json\/wp\/v2\/pages\/19455","targetHints":{"allow":["GET"]}}],"collection":[{"href":"https:\/\/explorit.ch\/de\/wp-json\/wp\/v2\/pages"}],"about":[{"href":"https:\/\/explorit.ch\/de\/wp-json\/wp\/v2\/types\/page"}],"author":[{"embeddable":true,"href":"https:\/\/explorit.ch\/de\/wp-json\/wp\/v2\/users\/15"}],"replies":[{"embeddable":true,"href":"https:\/\/explorit.ch\/de\/wp-json\/wp\/v2\/comments?post=19455"}],"version-history":[{"count":12,"href":"https:\/\/explorit.ch\/de\/wp-json\/wp\/v2\/pages\/19455\/revisions"}],"predecessor-version":[{"id":28507,"href":"https:\/\/explorit.ch\/de\/wp-json\/wp\/v2\/pages\/19455\/revisions\/28507"}],"up":[{"embeddable":true,"href":"https:\/\/explorit.ch\/de\/wp-json\/wp\/v2\/pages\/10714"}],"wp:attachment":[{"href":"https:\/\/explorit.ch\/de\/wp-json\/wp\/v2\/media?parent=19455"}],"curies":[{"name":"wp","href":"https:\/\/api.w.org\/{rel}","templated":true}]}}