{"id":25075,"date":"2021-03-22T08:52:53","date_gmt":"2021-03-22T07:52:53","guid":{"rendered":"https:\/\/explorit.netoxygen.ch\/yverdon\/business-services\/coworking\/"},"modified":"2022-09-12T12:39:23","modified_gmt":"2022-09-12T10:39:23","slug":"coworking","status":"publish","type":"page","link":"https:\/\/explorit.ch\/de\/business-services\/coworking\/","title":{"rendered":"Coworking"},"content":{"rendered":"\t\t<div data-elementor-type=\"wp-post\" data-elementor-id=\"25075\" class=\"elementor elementor-25075\" data-elementor-post-type=\"page\">\n\t\t\t\t\t\t<section class=\"elementor-section elementor-top-section elementor-element elementor-element-5157744 elementor-section-full_width elementor-section-height-default elementor-section-height-default\" data-id=\"5157744\" data-element_type=\"section\" data-settings=\"{&quot;background_background&quot;:&quot;classic&quot;}\">\n\t\t\t\t\t\t<div class=\"elementor-container elementor-column-gap-wide\">\n\t\t\t\t\t<div class=\"elementor-column elementor-col-100 elementor-top-column elementor-element elementor-element-91ee2bf\" data-id=\"91ee2bf\" data-element_type=\"column\">\n\t\t\t<div class=\"elementor-widget-wrap elementor-element-populated\">\n\t\t\t\t\t\t<div class=\"elementor-element elementor-element-15fef25 elementor-widget elementor-widget-spacer\" data-id=\"15fef25\" data-element_type=\"widget\" data-widget_type=\"spacer.default\">\n\t\t\t\t<div class=\"elementor-widget-container\">\n\t\t\t\t\t\t\t<div class=\"elementor-spacer\">\n\t\t\t<div class=\"elementor-spacer-inner\"><\/div>\n\t\t<\/div>\n\t\t\t\t\t\t<\/div>\n\t\t\t\t<\/div>\n\t\t\t\t\t<\/div>\n\t\t<\/div>\n\t\t\t\t\t<\/div>\n\t\t<\/section>\n\t\t\t\t<section class=\"elementor-section elementor-top-section elementor-element elementor-element-4a8d09e6 elementor-section-content-middle elementor-section-boxed elementor-section-height-default elementor-section-height-default\" data-id=\"4a8d09e6\" data-element_type=\"section\" data-settings=\"{&quot;background_background&quot;:&quot;classic&quot;}\">\n\t\t\t\t\t\t\t<div class=\"elementor-background-overlay\"><\/div>\n\t\t\t\t\t\t\t<div class=\"elementor-container elementor-column-gap-no\">\n\t\t\t\t\t<div class=\"elementor-column elementor-col-100 elementor-top-column elementor-element elementor-element-1ed516bf\" data-id=\"1ed516bf\" data-element_type=\"column\" data-settings=\"{&quot;background_background&quot;:&quot;classic&quot;}\">\n\t\t\t<div class=\"elementor-widget-wrap elementor-element-populated\">\n\t\t\t\t\t\t<div class=\"elementor-element elementor-element-96eec42 elementor-widget elementor-widget-heading\" data-id=\"96eec42\" data-element_type=\"widget\" data-widget_type=\"heading.default\">\n\t\t\t\t<div class=\"elementor-widget-container\">\n\t\t\t\t\t<h2 class=\"elementor-heading-title elementor-size-default\"><b>Coworking<\/b><\/h2>\t\t\t\t<\/div>\n\t\t\t\t<\/div>\n\t\t\t\t<div class=\"elementor-element elementor-element-99bb68e elementor-widget elementor-widget-heading\" data-id=\"99bb68e\" data-element_type=\"widget\" data-widget_type=\"heading.default\">\n\t\t\t\t<div class=\"elementor-widget-container\">\n\t\t\t\t\t<h2 class=\"elementor-heading-title elementor-size-default\">Ein inspirierender Arbeitsbereich, in dem unterschiedliche Hintergr\u00fcnde, Multidisziplinarit\u00e4t und Raum f\u00fcr Prototypen zusammenkommen: Das ist der Vorschlag, der Ihnen im Herzen des Y-Parc, dem gr\u00f6\u00dften Technologiepark der Schweiz, die Arme entgegenstreckt.<\/h2>\t\t\t\t<\/div>\n\t\t\t\t<\/div>\n\t\t\t\t\t<\/div>\n\t\t<\/div>\n\t\t\t\t\t<\/div>\n\t\t<\/section>\n\t\t\t\t<section class=\"elementor-section elementor-top-section elementor-element elementor-element-55cc34e elementor-section-boxed elementor-section-height-default elementor-section-height-default\" data-id=\"55cc34e\" data-element_type=\"section\">\n\t\t\t\t\t\t<div class=\"elementor-container elementor-column-gap-default\">\n\t\t\t\t\t<div class=\"elementor-column elementor-col-66 elementor-top-column elementor-element elementor-element-e954051\" data-id=\"e954051\" data-element_type=\"column\">\n\t\t\t<div class=\"elementor-widget-wrap elementor-element-populated\">\n\t\t\t\t\t\t<div class=\"elementor-element elementor-element-11fd52b elementor-widget elementor-widget-heading\" data-id=\"11fd52b\" data-element_type=\"widget\" data-widget_type=\"heading.default\">\n\t\t\t\t<div class=\"elementor-widget-container\">\n\t\t\t\t\t<h2 class=\"elementor-heading-title elementor-size-default\">Der Coworking Space<\/h2>\t\t\t\t<\/div>\n\t\t\t\t<\/div>\n\t\t\t\t<div class=\"elementor-element elementor-element-323cbe0 elementor-widget elementor-widget-text-editor\" data-id=\"323cbe0\" data-element_type=\"widget\" data-widget_type=\"text-editor.default\">\n\t\t\t\t<div class=\"elementor-widget-container\">\n\t\t\t\t\t\t\t\t\t<p>Der Coworking Space verf\u00fcgt \u00fcber zugewiesene R\u00e4ume (Residents) und Gemeinschaftsr\u00e4ume (Hotdesking und Besucher). In Verbindung mit dem Makerspace ist es auch m\u00f6glich, Prototypen zu bauen, um die eigenen Ideen zum Leben zu erwecken oder durch die vielen angebotenen Kurse zu lernen.<\/p>\n<p>Coworking ist auch ein Lebensraum, in dem unterschiedliche Disziplinen und Know-how aufeinandertreffen k\u00f6nnen. Ein Ort des Austauschs und des Teilens, dieser Ort wird Sie durch seine Qualit\u00e4ten, seine Philosophie und durch all diejenigen, die ihn beleben, verf\u00fchren.<\/p>\n\t\t\t\t\t\t\t\t<\/div>\n\t\t\t\t<\/div>\n\t\t\t\t\t<\/div>\n\t\t<\/div>\n\t\t\t\t<div class=\"elementor-column elementor-col-33 elementor-top-column elementor-element elementor-element-1fc37b4\" data-id=\"1fc37b4\" data-element_type=\"column\">\n\t\t\t<div class=\"elementor-widget-wrap elementor-element-populated\">\n\t\t\t\t\t\t<div class=\"elementor-element elementor-element-3589317 elementor-widget elementor-widget-image\" data-id=\"3589317\" data-element_type=\"widget\" data-widget_type=\"image.default\">\n\t\t\t\t<div class=\"elementor-widget-container\">\n\t\t\t\t\t\t\t\t\t\t\t\t\t\t\t<img fetchpriority=\"high\" decoding=\"async\" width=\"270\" height=\"270\" src=\"https:\/\/explorit.ch\/wp-content\/uploads\/2021\/03\/beameup.png\" class=\"attachment-large size-large wp-image-25236\" alt=\"\" srcset=\"https:\/\/explorit.ch\/wp-content\/uploads\/2021\/03\/beameup.png 270w, https:\/\/explorit.ch\/wp-content\/uploads\/2021\/03\/beameup-150x150.png 150w\" sizes=\"(max-width: 270px) 100vw, 270px\" \/>\t\t\t\t\t\t\t\t\t\t\t\t\t\t\t<\/div>\n\t\t\t\t<\/div>\n\t\t\t\t\t<\/div>\n\t\t<\/div>\n\t\t\t\t\t<\/div>\n\t\t<\/section>\n\t\t\t\t<section class=\"elementor-section elementor-top-section elementor-element elementor-element-1541503 elementor-section-boxed elementor-section-height-default elementor-section-height-default\" data-id=\"1541503\" data-element_type=\"section\">\n\t\t\t\t\t\t<div class=\"elementor-container elementor-column-gap-default\">\n\t\t\t\t\t<div class=\"elementor-column elementor-col-16 elementor-top-column elementor-element elementor-element-9718d76\" data-id=\"9718d76\" data-element_type=\"column\">\n\t\t\t<div class=\"elementor-widget-wrap elementor-element-populated\">\n\t\t\t\t\t\t<div class=\"elementor-element elementor-element-34ff9dd elementor-position-top elementor-widget elementor-widget-image-box\" data-id=\"34ff9dd\" data-element_type=\"widget\" data-widget_type=\"image-box.default\">\n\t\t\t\t<div class=\"elementor-widget-container\">\n\t\t\t\t\t<div class=\"elementor-image-box-wrapper\"><figure class=\"elementor-image-box-img\"><img decoding=\"async\" width=\"151\" height=\"151\" src=\"https:\/\/explorit.ch\/wp-content\/uploads\/2021\/03\/bureaux-infobox.png\" class=\"attachment-full size-full wp-image-24779\" alt=\"\" \/><\/figure><div class=\"elementor-image-box-content\"><h3 class=\"elementor-image-box-title\">B\u00fcror\u00e4ume<\/h3><\/div><\/div>\t\t\t\t<\/div>\n\t\t\t\t<\/div>\n\t\t\t\t\t<\/div>\n\t\t<\/div>\n\t\t\t\t<div class=\"elementor-column elementor-col-16 elementor-top-column elementor-element elementor-element-58ba19b\" data-id=\"58ba19b\" data-element_type=\"column\">\n\t\t\t<div class=\"elementor-widget-wrap elementor-element-populated\">\n\t\t\t\t\t\t<div class=\"elementor-element elementor-element-0ab26e6 elementor-position-top elementor-widget elementor-widget-image-box\" data-id=\"0ab26e6\" data-element_type=\"widget\" data-widget_type=\"image-box.default\">\n\t\t\t\t<div class=\"elementor-widget-container\">\n\t\t\t\t\t<div class=\"elementor-image-box-wrapper\"><figure class=\"elementor-image-box-img\"><img decoding=\"async\" width=\"151\" height=\"151\" src=\"https:\/\/explorit.ch\/wp-content\/uploads\/2021\/03\/Bureaux-partage\u0301saa.png\" class=\"attachment-full size-full wp-image-24781\" alt=\"\" \/><\/figure><div class=\"elementor-image-box-content\"><h3 class=\"elementor-image-box-title\">Geteilte B\u00fcros<\/h3><\/div><\/div>\t\t\t\t<\/div>\n\t\t\t\t<\/div>\n\t\t\t\t\t<\/div>\n\t\t<\/div>\n\t\t\t\t<div class=\"elementor-column elementor-col-16 elementor-top-column elementor-element elementor-element-53856fd\" data-id=\"53856fd\" data-element_type=\"column\">\n\t\t\t<div class=\"elementor-widget-wrap elementor-element-populated\">\n\t\t\t\t\t\t<div class=\"elementor-element elementor-element-f35a90c elementor-position-top elementor-widget elementor-widget-image-box\" data-id=\"f35a90c\" data-element_type=\"widget\" data-widget_type=\"image-box.default\">\n\t\t\t\t<div class=\"elementor-widget-container\">\n\t\t\t\t\t<div class=\"elementor-image-box-wrapper\"><figure class=\"elementor-image-box-img\"><img loading=\"lazy\" decoding=\"async\" width=\"151\" height=\"151\" src=\"https:\/\/explorit.ch\/wp-content\/uploads\/2021\/03\/Wifi-illimite\u0301.png\" class=\"attachment-full size-full wp-image-24789\" alt=\"\" \/><\/figure><div class=\"elementor-image-box-content\"><h3 class=\"elementor-image-box-title\">Unbegrenztes Wifi<\/h3><\/div><\/div>\t\t\t\t<\/div>\n\t\t\t\t<\/div>\n\t\t\t\t\t<\/div>\n\t\t<\/div>\n\t\t\t\t<div class=\"elementor-column elementor-col-16 elementor-top-column elementor-element elementor-element-57a726e\" data-id=\"57a726e\" data-element_type=\"column\">\n\t\t\t<div class=\"elementor-widget-wrap elementor-element-populated\">\n\t\t\t\t\t\t<div class=\"elementor-element elementor-element-188e675 elementor-position-top elementor-widget elementor-widget-image-box\" data-id=\"188e675\" data-element_type=\"widget\" data-widget_type=\"image-box.default\">\n\t\t\t\t<div class=\"elementor-widget-container\">\n\t\t\t\t\t<div class=\"elementor-image-box-wrapper\"><figure class=\"elementor-image-box-img\"><img loading=\"lazy\" decoding=\"async\" width=\"151\" height=\"151\" src=\"https:\/\/explorit.ch\/wp-content\/uploads\/2021\/03\/Places-de-parking.png\" class=\"attachment-full size-full wp-image-24785\" alt=\"\" \/><\/figure><div class=\"elementor-image-box-content\"><h3 class=\"elementor-image-box-title\">Parkpl\u00e4tze<\/h3><\/div><\/div>\t\t\t\t<\/div>\n\t\t\t\t<\/div>\n\t\t\t\t\t<\/div>\n\t\t<\/div>\n\t\t\t\t<div class=\"elementor-column elementor-col-16 elementor-top-column elementor-element elementor-element-ecce3af\" data-id=\"ecce3af\" data-element_type=\"column\">\n\t\t\t<div class=\"elementor-widget-wrap elementor-element-populated\">\n\t\t\t\t\t\t<div class=\"elementor-element elementor-element-24ad19b elementor-position-top elementor-widget elementor-widget-image-box\" data-id=\"24ad19b\" data-element_type=\"widget\" data-widget_type=\"image-box.default\">\n\t\t\t\t<div class=\"elementor-widget-container\">\n\t\t\t\t\t<div class=\"elementor-image-box-wrapper\"><figure class=\"elementor-image-box-img\"><img loading=\"lazy\" decoding=\"async\" width=\"151\" height=\"151\" src=\"https:\/\/explorit.ch\/wp-content\/uploads\/2021\/03\/Salles-de-reuinion.png\" class=\"attachment-full size-full wp-image-24787\" alt=\"\" \/><\/figure><div class=\"elementor-image-box-content\"><h3 class=\"elementor-image-box-title\">Tagungsr\u00e4ume<\/h3><\/div><\/div>\t\t\t\t<\/div>\n\t\t\t\t<\/div>\n\t\t\t\t\t<\/div>\n\t\t<\/div>\n\t\t\t\t<div class=\"elementor-column elementor-col-16 elementor-top-column elementor-element elementor-element-cf4e080\" data-id=\"cf4e080\" data-element_type=\"column\">\n\t\t\t<div class=\"elementor-widget-wrap elementor-element-populated\">\n\t\t\t\t\t\t<div class=\"elementor-element elementor-element-c2a4117 elementor-position-top elementor-widget elementor-widget-image-box\" data-id=\"c2a4117\" data-element_type=\"widget\" data-widget_type=\"image-box.default\">\n\t\t\t\t<div class=\"elementor-widget-container\">\n\t\t\t\t\t<div class=\"elementor-image-box-wrapper\"><figure class=\"elementor-image-box-img\"><img loading=\"lazy\" decoding=\"async\" width=\"151\" height=\"151\" src=\"https:\/\/explorit.ch\/wp-content\/uploads\/2021\/03\/Evenement.png\" class=\"attachment-full size-full wp-image-24783\" alt=\"\" \/><\/figure><div class=\"elementor-image-box-content\"><h3 class=\"elementor-image-box-title\">Ereignisse<\/h3><\/div><\/div>\t\t\t\t<\/div>\n\t\t\t\t<\/div>\n\t\t\t\t\t<\/div>\n\t\t<\/div>\n\t\t\t\t\t<\/div>\n\t\t<\/section>\n\t\t\t\t<section class=\"elementor-section elementor-top-section elementor-element elementor-element-03c1aee elementor-section-boxed elementor-section-height-default elementor-section-height-default\" data-id=\"03c1aee\" data-element_type=\"section\">\n\t\t\t\t\t\t<div class=\"elementor-container elementor-column-gap-default\">\n\t\t\t\t\t<div class=\"elementor-column elementor-col-50 elementor-top-column elementor-element elementor-element-e147b20\" data-id=\"e147b20\" data-element_type=\"column\">\n\t\t\t<div class=\"elementor-widget-wrap elementor-element-populated\">\n\t\t\t\t\t\t<div class=\"elementor-element elementor-element-531adca elementor-button-info elementor-align-center elementor-widget elementor-widget-button\" data-id=\"531adca\" data-element_type=\"widget\" data-widget_type=\"button.default\">\n\t\t\t\t<div class=\"elementor-widget-container\">\n\t\t\t\t\t\t\t\t\t<div class=\"elementor-button-wrapper\">\n\t\t\t\t\t<a class=\"elementor-button elementor-button-link elementor-size-xl\" href=\"https:\/\/explorit.ch\/business-services\/coworking\/offres-beammeup\/\">\n\t\t\t\t\t\t<span class=\"elementor-button-content-wrapper\">\n\t\t\t\t\t\t<span class=\"elementor-button-icon\">\n\t\t\t\t<i aria-hidden=\"true\" class=\"far fa-arrow-alt-circle-right\"><\/i>\t\t\t<\/span>\n\t\t\t\t\t\t\t\t\t<span class=\"elementor-button-text\">Entdecken Sie unsere Angebote und Preise (FR)<\/span>\n\t\t\t\t\t<\/span>\n\t\t\t\t\t<\/a>\n\t\t\t\t<\/div>\n\t\t\t\t\t\t\t\t<\/div>\n\t\t\t\t<\/div>\n\t\t\t\t\t<\/div>\n\t\t<\/div>\n\t\t\t\t<div class=\"elementor-column elementor-col-50 elementor-top-column elementor-element elementor-element-2756405\" data-id=\"2756405\" data-element_type=\"column\">\n\t\t\t<div class=\"elementor-widget-wrap elementor-element-populated\">\n\t\t\t\t\t\t<div class=\"elementor-element elementor-element-f8e2d4b elementor-button-info elementor-align-center elementor-widget elementor-widget-button\" data-id=\"f8e2d4b\" data-element_type=\"widget\" data-widget_type=\"button.default\">\n\t\t\t\t<div class=\"elementor-widget-container\">\n\t\t\t\t\t\t\t\t\t<div class=\"elementor-button-wrapper\">\n\t\t\t\t\t<a class=\"elementor-button elementor-button-link elementor-size-xl\" href=\"https:\/\/explorit.ch\/de\/business-services\/makerspace\/\">\n\t\t\t\t\t\t<span class=\"elementor-button-content-wrapper\">\n\t\t\t\t\t\t<span class=\"elementor-button-icon\">\n\t\t\t\t<i aria-hidden=\"true\" class=\"far fa-arrow-alt-circle-right\"><\/i>\t\t\t<\/span>\n\t\t\t\t\t\t\t\t\t<span class=\"elementor-button-text\">Makerspace<\/span>\n\t\t\t\t\t<\/span>\n\t\t\t\t\t<\/a>\n\t\t\t\t<\/div>\n\t\t\t\t\t\t\t\t<\/div>\n\t\t\t\t<\/div>\n\t\t\t\t\t<\/div>\n\t\t<\/div>\n\t\t\t\t\t<\/div>\n\t\t<\/section>\n\t\t\t\t<section class=\"elementor-section elementor-top-section elementor-element elementor-element-633e069 elementor-section-boxed elementor-section-height-default elementor-section-height-default\" data-id=\"633e069\" data-element_type=\"section\">\n\t\t\t\t\t\t<div class=\"elementor-container elementor-column-gap-default\">\n\t\t\t\t\t<div class=\"elementor-column elementor-col-100 elementor-top-column elementor-element elementor-element-7b2977f\" data-id=\"7b2977f\" data-element_type=\"column\">\n\t\t\t<div class=\"elementor-widget-wrap elementor-element-populated\">\n\t\t\t\t\t\t<div class=\"elementor-element elementor-element-ecd339e elementor-widget elementor-widget-image-gallery\" data-id=\"ecd339e\" data-element_type=\"widget\" data-widget_type=\"image-gallery.default\">\n\t\t\t\t<div class=\"elementor-widget-container\">\n\t\t\t\t\t\t\t<div class=\"elementor-image-gallery\">\n\t\t\t<div id='gallery-1' class='gallery galleryid-25075 gallery-columns-4 gallery-size-medium'><figure class='gallery-item'>\n\t\t\t<div class='gallery-icon landscape'>\n\t\t\t\t<a data-elementor-open-lightbox=\"yes\" data-elementor-lightbox-slideshow=\"ecd339e\" data-elementor-lightbox-title=\"Coworking-01\" data-e-action-hash=\"#elementor-action%3Aaction%3Dlightbox%26settings%3DeyJpZCI6MjczMTMsInVybCI6Imh0dHBzOlwvXC9leHBsb3JpdC5jaFwvd3AtY29udGVudFwvdXBsb2Fkc1wvMjAyMVwvMDVcL0Nvd29ya2luZy0wMS0yLmpwZyIsInNsaWRlc2hvdyI6ImVjZDMzOWUifQ%3D%3D\" href='https:\/\/explorit.ch\/wp-content\/uploads\/2021\/05\/Coworking-01-2.jpg'><img loading=\"lazy\" decoding=\"async\" width=\"300\" height=\"200\" src=\"https:\/\/explorit.ch\/wp-content\/uploads\/2021\/05\/Coworking-01-2-300x200.jpg\" class=\"attachment-medium size-medium\" alt=\"\" srcset=\"https:\/\/explorit.ch\/wp-content\/uploads\/2021\/05\/Coworking-01-2-300x200.jpg 300w, https:\/\/explorit.ch\/wp-content\/uploads\/2021\/05\/Coworking-01-2-1024x681.jpg 1024w, https:\/\/explorit.ch\/wp-content\/uploads\/2021\/05\/Coworking-01-2-768x511.jpg 768w, https:\/\/explorit.ch\/wp-content\/uploads\/2021\/05\/Coworking-01-2-1536x1021.jpg 1536w, https:\/\/explorit.ch\/wp-content\/uploads\/2021\/05\/Coworking-01-2.jpg 2000w\" sizes=\"(max-width: 300px) 100vw, 300px\" \/><\/a>\n\t\t\t<\/div><\/figure><figure class='gallery-item'>\n\t\t\t<div class='gallery-icon landscape'>\n\t\t\t\t<a data-elementor-open-lightbox=\"yes\" data-elementor-lightbox-slideshow=\"ecd339e\" data-elementor-lightbox-title=\"Coworking-05\" data-e-action-hash=\"#elementor-action%3Aaction%3Dlightbox%26settings%3DeyJpZCI6MjczMDAsInVybCI6Imh0dHBzOlwvXC9leHBsb3JpdC5jaFwvd3AtY29udGVudFwvdXBsb2Fkc1wvMjAyMVwvMDVcL0Nvd29ya2luZy0wNS0xLmpwZyIsInNsaWRlc2hvdyI6ImVjZDMzOWUifQ%3D%3D\" href='https:\/\/explorit.ch\/wp-content\/uploads\/2021\/05\/Coworking-05-1.jpg'><img loading=\"lazy\" decoding=\"async\" width=\"300\" height=\"200\" src=\"https:\/\/explorit.ch\/wp-content\/uploads\/2021\/05\/Coworking-05-1-300x200.jpg\" class=\"attachment-medium size-medium\" alt=\"\" srcset=\"https:\/\/explorit.ch\/wp-content\/uploads\/2021\/05\/Coworking-05-1-300x200.jpg 300w, https:\/\/explorit.ch\/wp-content\/uploads\/2021\/05\/Coworking-05-1-1024x682.jpg 1024w, https:\/\/explorit.ch\/wp-content\/uploads\/2021\/05\/Coworking-05-1-768x512.jpg 768w, https:\/\/explorit.ch\/wp-content\/uploads\/2021\/05\/Coworking-05-1-1536x1024.jpg 1536w, https:\/\/explorit.ch\/wp-content\/uploads\/2021\/05\/Coworking-05-1.jpg 2000w\" sizes=\"(max-width: 300px) 100vw, 300px\" \/><\/a>\n\t\t\t<\/div><\/figure><figure class='gallery-item'>\n\t\t\t<div class='gallery-icon landscape'>\n\t\t\t\t<a data-elementor-open-lightbox=\"yes\" data-elementor-lightbox-slideshow=\"ecd339e\" data-elementor-lightbox-title=\"Coworking-09\" data-e-action-hash=\"#elementor-action%3Aaction%3Dlightbox%26settings%3DeyJpZCI6MjczMTcsInVybCI6Imh0dHBzOlwvXC9leHBsb3JpdC5jaFwvd3AtY29udGVudFwvdXBsb2Fkc1wvMjAyMVwvMDVcL0Nvd29ya2luZy0wOS0xLmpwZyIsInNsaWRlc2hvdyI6ImVjZDMzOWUifQ%3D%3D\" href='https:\/\/explorit.ch\/wp-content\/uploads\/2021\/05\/Coworking-09-1.jpg'><img loading=\"lazy\" decoding=\"async\" width=\"300\" height=\"200\" src=\"https:\/\/explorit.ch\/wp-content\/uploads\/2021\/05\/Coworking-09-1-300x200.jpg\" class=\"attachment-medium size-medium\" alt=\"\" srcset=\"https:\/\/explorit.ch\/wp-content\/uploads\/2021\/05\/Coworking-09-1-300x200.jpg 300w, https:\/\/explorit.ch\/wp-content\/uploads\/2021\/05\/Coworking-09-1-1024x682.jpg 1024w, https:\/\/explorit.ch\/wp-content\/uploads\/2021\/05\/Coworking-09-1-768x512.jpg 768w, https:\/\/explorit.ch\/wp-content\/uploads\/2021\/05\/Coworking-09-1-1536x1024.jpg 1536w, https:\/\/explorit.ch\/wp-content\/uploads\/2021\/05\/Coworking-09-1.jpg 2000w\" sizes=\"(max-width: 300px) 100vw, 300px\" \/><\/a>\n\t\t\t<\/div><\/figure><figure class='gallery-item'>\n\t\t\t<div class='gallery-icon landscape'>\n\t\t\t\t<a data-elementor-open-lightbox=\"yes\" data-elementor-lightbox-slideshow=\"ecd339e\" data-elementor-lightbox-title=\"Coworking-011\" data-e-action-hash=\"#elementor-action%3Aaction%3Dlightbox%26settings%3DeyJpZCI6MjczMTUsInVybCI6Imh0dHBzOlwvXC9leHBsb3JpdC5jaFwvd3AtY29udGVudFwvdXBsb2Fkc1wvMjAyMVwvMDVcL0Nvd29ya2luZy0wMTEuanBnIiwic2xpZGVzaG93IjoiZWNkMzM5ZSJ9\" href='https:\/\/explorit.ch\/wp-content\/uploads\/2021\/05\/Coworking-011.jpg'><img loading=\"lazy\" decoding=\"async\" width=\"300\" height=\"200\" src=\"https:\/\/explorit.ch\/wp-content\/uploads\/2021\/05\/Coworking-011-300x200.jpg\" class=\"attachment-medium size-medium\" alt=\"\" srcset=\"https:\/\/explorit.ch\/wp-content\/uploads\/2021\/05\/Coworking-011-300x200.jpg 300w, https:\/\/explorit.ch\/wp-content\/uploads\/2021\/05\/Coworking-011-1024x682.jpg 1024w, https:\/\/explorit.ch\/wp-content\/uploads\/2021\/05\/Coworking-011-768x512.jpg 768w, https:\/\/explorit.ch\/wp-content\/uploads\/2021\/05\/Coworking-011-1536x1024.jpg 1536w, https:\/\/explorit.ch\/wp-content\/uploads\/2021\/05\/Coworking-011.jpg 2000w\" sizes=\"(max-width: 300px) 100vw, 300px\" \/><\/a>\n\t\t\t<\/div><\/figure>\n\t\t<\/div>\n\t\t<\/div>\n\t\t\t\t\t\t<\/div>\n\t\t\t\t<\/div>\n\t\t\t\t\t<\/div>\n\t\t<\/div>\n\t\t\t\t\t<\/div>\n\t\t<\/section>\n\t\t\t\t<\/div>\n\t\t","protected":false},"excerpt":{"rendered":"<p>Coworking Ein inspirierender Arbeitsbereich, in dem unterschiedliche Hintergr\u00fcnde, Multidisziplinarit\u00e4t und Raum f\u00fcr Prototypen zusammenkommen: Das ist der Vorschlag, der Ihnen im Herzen des Y-Parc, dem gr\u00f6\u00dften Technologiepark der Schweiz, die Arme entgegenstreckt. Der Coworking Space Der Coworking Space verf\u00fcgt \u00fcber zugewiesene R\u00e4ume (Residents) und Gemeinschaftsr\u00e4ume (Hotdesking und Besucher). In Verbindung mit dem Makerspace ist es [&hellip;]<\/p>\n","protected":false},"author":15,"featured_media":0,"parent":25071,"menu_order":4,"comment_status":"closed","ping_status":"closed","template":"","meta":{"site-sidebar-layout":"no-sidebar","site-content-layout":"page-builder","ast-site-content-layout":"full-width-container","site-content-style":"unboxed","site-sidebar-style":"unboxed","ast-global-header-display":"","ast-banner-title-visibility":"","ast-main-header-display":"","ast-hfb-above-header-display":"","ast-hfb-below-header-display":"","ast-hfb-mobile-header-display":"","site-post-title":"disabled","ast-breadcrumbs-content":"","ast-featured-img":"","footer-sml-layout":"","theme-transparent-header-meta":"default","adv-header-id-meta":"","stick-header-meta":"","header-above-stick-meta":"","header-main-stick-meta":"","header-below-stick-meta":"","astra-migrate-meta-layouts":"default","ast-page-background-enabled":"default","ast-page-background-meta":{"desktop":{"background-color":"","background-image":"","background-repeat":"repeat","background-position":"center center","background-size":"auto","background-attachment":"scroll","background-type":"","background-media":"","overlay-type":"","overlay-color":"","overlay-opacity":"","overlay-gradient":""},"tablet":{"background-color":"","background-image":"","background-repeat":"repeat","background-position":"center center","background-size":"auto","background-attachment":"scroll","background-type":"","background-media":"","overlay-type":"","overlay-color":"","overlay-opacity":"","overlay-gradient":""},"mobile":{"background-color":"","background-image":"","background-repeat":"repeat","background-position":"center center","background-size":"auto","background-attachment":"scroll","background-type":"","background-media":"","overlay-type":"","overlay-color":"","overlay-opacity":"","overlay-gradient":""}},"ast-content-background-meta":{"desktop":{"background-color":"var(--ast-global-color-5)","background-image":"","background-repeat":"repeat","background-position":"center center","background-size":"auto","background-attachment":"scroll","background-type":"","background-media":"","overlay-type":"","overlay-color":"","overlay-opacity":"","overlay-gradient":""},"tablet":{"background-color":"var(--ast-global-color-5)","background-image":"","background-repeat":"repeat","background-position":"center center","background-size":"auto","background-attachment":"scroll","background-type":"","background-media":"","overlay-type":"","overlay-color":"","overlay-opacity":"","overlay-gradient":""},"mobile":{"background-color":"var(--ast-global-color-5)","background-image":"","background-repeat":"repeat","background-position":"center center","background-size":"auto","background-attachment":"scroll","background-type":"","background-media":"","overlay-type":"","overlay-color":"","overlay-opacity":"","overlay-gradient":""}},"footnotes":""},"class_list":["post-25075","page","type-page","status-publish","hentry"],"aioseo_notices":[],"_links":{"self":[{"href":"https:\/\/explorit.ch\/de\/wp-json\/wp\/v2\/pages\/25075","targetHints":{"allow":["GET"]}}],"collection":[{"href":"https:\/\/explorit.ch\/de\/wp-json\/wp\/v2\/pages"}],"about":[{"href":"https:\/\/explorit.ch\/de\/wp-json\/wp\/v2\/types\/page"}],"author":[{"embeddable":true,"href":"https:\/\/explorit.ch\/de\/wp-json\/wp\/v2\/users\/15"}],"replies":[{"embeddable":true,"href":"https:\/\/explorit.ch\/de\/wp-json\/wp\/v2\/comments?post=25075"}],"version-history":[{"count":22,"href":"https:\/\/explorit.ch\/de\/wp-json\/wp\/v2\/pages\/25075\/revisions"}],"predecessor-version":[{"id":38124,"href":"https:\/\/explorit.ch\/de\/wp-json\/wp\/v2\/pages\/25075\/revisions\/38124"}],"up":[{"embeddable":true,"href":"https:\/\/explorit.ch\/de\/wp-json\/wp\/v2\/pages\/25071"}],"wp:attachment":[{"href":"https:\/\/explorit.ch\/de\/wp-json\/wp\/v2\/media?parent=25075"}],"curies":[{"name":"wp","href":"https:\/\/api.w.org\/{rel}","templated":true}]}}