{"id":27190,"date":"2021-05-26T14:08:43","date_gmt":"2021-05-26T12:08:43","guid":{"rendered":"https:\/\/explorit.ch\/?page_id=27190"},"modified":"2021-05-26T14:10:00","modified_gmt":"2021-05-26T12:10:00","slug":"schuler-und-ferienjob","status":"publish","type":"page","link":"https:\/\/explorit.ch\/de\/volketswil\/schuler-und-ferienjob\/","title":{"rendered":"Sch\u00fcler- und Ferienjob"},"content":{"rendered":"\t\t<div data-elementor-type=\"wp-post\" data-elementor-id=\"27190\" class=\"elementor elementor-27190\" data-elementor-post-type=\"page\">\n\t\t\t\t\t\t<section class=\"elementor-section elementor-top-section elementor-element elementor-element-6936ea1 elementor-section-boxed elementor-section-height-default elementor-section-height-default\" data-id=\"6936ea1\" data-element_type=\"section\" data-settings=\"{&quot;background_background&quot;:&quot;classic&quot;}\">\n\t\t\t\t\t\t<div class=\"elementor-container elementor-column-gap-default\">\n\t\t\t\t\t<div class=\"elementor-column elementor-col-100 elementor-top-column elementor-element elementor-element-b0bb1da\" data-id=\"b0bb1da\" data-element_type=\"column\">\n\t\t\t<div class=\"elementor-widget-wrap elementor-element-populated\">\n\t\t\t\t\t\t<div class=\"elementor-element elementor-element-7f982a6 elementor-widget elementor-widget-spacer\" data-id=\"7f982a6\" data-element_type=\"widget\" data-widget_type=\"spacer.default\">\n\t\t\t\t<div class=\"elementor-widget-container\">\n\t\t\t\t\t\t\t<div class=\"elementor-spacer\">\n\t\t\t<div class=\"elementor-spacer-inner\"><\/div>\n\t\t<\/div>\n\t\t\t\t\t\t<\/div>\n\t\t\t\t<\/div>\n\t\t\t\t<div class=\"elementor-element elementor-element-05a8699 elementor-widget elementor-widget-menu-anchor\" data-id=\"05a8699\" data-element_type=\"widget\" data-widget_type=\"menu-anchor.default\">\n\t\t\t\t<div class=\"elementor-widget-container\">\n\t\t\t\t\t\t\t<div class=\"elementor-menu-anchor\" id=\"anfahrt\"><\/div>\n\t\t\t\t\t\t<\/div>\n\t\t\t\t<\/div>\n\t\t\t\t\t<\/div>\n\t\t<\/div>\n\t\t\t\t\t<\/div>\n\t\t<\/section>\n\t\t\t\t<section class=\"elementor-section elementor-top-section elementor-element elementor-element-18597db elementor-section-boxed elementor-section-height-default elementor-section-height-default\" data-id=\"18597db\" data-element_type=\"section\" data-settings=\"{&quot;background_background&quot;:&quot;classic&quot;}\">\n\t\t\t\t\t\t<div class=\"elementor-container elementor-column-gap-default\">\n\t\t\t\t\t<div class=\"elementor-column elementor-col-100 elementor-top-column elementor-element elementor-element-27f2b60\" data-id=\"27f2b60\" data-element_type=\"column\">\n\t\t\t<div class=\"elementor-widget-wrap elementor-element-populated\">\n\t\t\t\t\t\t<section class=\"elementor-section elementor-inner-section elementor-element elementor-element-fb07fd8 elementor-section-boxed elementor-section-height-default elementor-section-height-default\" data-id=\"fb07fd8\" data-element_type=\"section\">\n\t\t\t\t\t\t<div class=\"elementor-container elementor-column-gap-default\">\n\t\t\t\t\t<div class=\"elementor-column elementor-col-100 elementor-inner-column elementor-element elementor-element-371949d\" data-id=\"371949d\" data-element_type=\"column\">\n\t\t\t<div class=\"elementor-widget-wrap elementor-element-populated\">\n\t\t\t\t\t\t<div class=\"elementor-element elementor-element-ad9dfba elementor-widget elementor-widget-heading\" data-id=\"ad9dfba\" data-element_type=\"widget\" data-widget_type=\"heading.default\">\n\t\t\t\t<div class=\"elementor-widget-container\">\n\t\t\t\t\t<h2 class=\"elementor-heading-title elementor-size-default\">Sch\u00fclerjob oder\/und Ferienjob bei EXPLORiT Kindercity<\/h2>\t\t\t\t<\/div>\n\t\t\t\t<\/div>\n\t\t\t\t<div class=\"elementor-element elementor-element-438c3cb elementor-widget-divider--view-line elementor-widget elementor-widget-divider\" data-id=\"438c3cb\" data-element_type=\"widget\" data-widget_type=\"divider.default\">\n\t\t\t\t<div class=\"elementor-widget-container\">\n\t\t\t\t\t\t\t<div class=\"elementor-divider\">\n\t\t\t<span class=\"elementor-divider-separator\">\n\t\t\t\t\t\t<\/span>\n\t\t<\/div>\n\t\t\t\t\t\t<\/div>\n\t\t\t\t<\/div>\n\t\t\t\t\t<\/div>\n\t\t<\/div>\n\t\t\t\t\t<\/div>\n\t\t<\/section>\n\t\t\t\t<div class=\"elementor-element elementor-element-3625e73 elementor-widget elementor-widget-text-editor\" data-id=\"3625e73\" data-element_type=\"widget\" data-widget_type=\"text-editor.default\">\n\t\t\t\t<div class=\"elementor-widget-container\">\n\t\t\t\t\t\t\t\t\t<p>Wir suchen Sch\u00fcler ab 14 Jahren, die jeweils am Mittwoch und\/oder am Wochenende regelm\u00e4ssig von 13.00 bis 18.00 Uhr arbeiten k\u00f6nnen.<\/p><p>Zus\u00e4tzlich suchen wir Sch\u00fcler ab 14 Jahren, die in den Schulferien regelm\u00e4ssig von 13.00 bis 18.00 Uhr arbeiten k\u00f6nnen.<\/p><p>Unsere Sch\u00fcleraufgaben sind folgende:<\/p><ul><li>Betreuung der Kinder auf der Dachterrasse mit Aktivit\u00e4ten wie Bungy Jumping und Autofahrschule<\/li><li>Kontrolle der verschiedenen Wissenswege<\/li><li>Aufr\u00e4umen und kleine Reinigungsarbeiten in den Ausstellungen Kindercity und Sciencity<\/li><li>Altpapier und Karton fachgerecht sortieren und entsorgen<\/li><\/ul><p><strong>Falls ihr euch f\u00fcr einen Sch\u00fclerjob oder Ferienjob bei uns interessiert schreibt bitte ein E-Mail an <a href=\"mailto:volketswil@explorit.ch\">volketswil@explorit.ch<\/a> mit eurem Vor- und Nachnamen, eurer Adresse und eurem Geburtsdatum. Wir freuen uns auf eure Kontaktaufnahme. <\/strong><\/p>\t\t\t\t\t\t\t\t<\/div>\n\t\t\t\t<\/div>\n\t\t\t\t\t<\/div>\n\t\t<\/div>\n\t\t\t\t\t<\/div>\n\t\t<\/section>\n\t\t\t\t<\/div>\n\t\t","protected":false},"excerpt":{"rendered":"<p>Sch\u00fclerjob oder\/und Ferienjob bei EXPLORiT Kindercity Wir suchen Sch\u00fcler ab 14 Jahren, die jeweils am Mittwoch und\/oder am Wochenende regelm\u00e4ssig von 13.00 bis 18.00 Uhr arbeiten k\u00f6nnen. Zus\u00e4tzlich suchen wir Sch\u00fcler ab 14 Jahren, die in den Schulferien regelm\u00e4ssig von 13.00 bis 18.00 Uhr arbeiten k\u00f6nnen. Unsere Sch\u00fcleraufgaben sind folgende: Betreuung der Kinder auf der [&hellip;]<\/p>\n","protected":false},"author":15,"featured_media":0,"parent":10714,"menu_order":11,"comment_status":"closed","ping_status":"closed","template":"","meta":{"site-sidebar-layout":"no-sidebar","site-content-layout":"page-builder","ast-site-content-layout":"default","site-content-style":"default","site-sidebar-style":"default","ast-global-header-display":"","ast-banner-title-visibility":"","ast-main-header-display":"","ast-hfb-above-header-display":"","ast-hfb-below-header-display":"","ast-hfb-mobile-header-display":"","site-post-title":"disabled","ast-breadcrumbs-content":"","ast-featured-img":"","footer-sml-layout":"","theme-transparent-header-meta":"default","adv-header-id-meta":"","stick-header-meta":"","header-above-stick-meta":"","header-main-stick-meta":"","header-below-stick-meta":"","astra-migrate-meta-layouts":"default","ast-page-background-enabled":"default","ast-page-background-meta":{"desktop":{"background-color":"","background-image":"","background-repeat":"repeat","background-position":"center center","background-size":"auto","background-attachment":"scroll","background-type":"","background-media":"","overlay-type":"","overlay-color":"","overlay-opacity":"","overlay-gradient":""},"tablet":{"background-color":"","background-image":"","background-repeat":"repeat","background-position":"center center","background-size":"auto","background-attachment":"scroll","background-type":"","background-media":"","overlay-type":"","overlay-color":"","overlay-opacity":"","overlay-gradient":""},"mobile":{"background-color":"","background-image":"","background-repeat":"repeat","background-position":"center center","background-size":"auto","background-attachment":"scroll","background-type":"","background-media":"","overlay-type":"","overlay-color":"","overlay-opacity":"","overlay-gradient":""}},"ast-content-background-meta":{"desktop":{"background-color":"var(--ast-global-color-5)","background-image":"","background-repeat":"repeat","background-position":"center center","background-size":"auto","background-attachment":"scroll","background-type":"","background-media":"","overlay-type":"","overlay-color":"","overlay-opacity":"","overlay-gradient":""},"tablet":{"background-color":"var(--ast-global-color-5)","background-image":"","background-repeat":"repeat","background-position":"center center","background-size":"auto","background-attachment":"scroll","background-type":"","background-media":"","overlay-type":"","overlay-color":"","overlay-opacity":"","overlay-gradient":""},"mobile":{"background-color":"var(--ast-global-color-5)","background-image":"","background-repeat":"repeat","background-position":"center center","background-size":"auto","background-attachment":"scroll","background-type":"","background-media":"","overlay-type":"","overlay-color":"","overlay-opacity":"","overlay-gradient":""}},"footnotes":""},"class_list":["post-27190","page","type-page","status-publish","hentry"],"aioseo_notices":[],"_links":{"self":[{"href":"https:\/\/explorit.ch\/de\/wp-json\/wp\/v2\/pages\/27190","targetHints":{"allow":["GET"]}}],"collection":[{"href":"https:\/\/explorit.ch\/de\/wp-json\/wp\/v2\/pages"}],"about":[{"href":"https:\/\/explorit.ch\/de\/wp-json\/wp\/v2\/types\/page"}],"author":[{"embeddable":true,"href":"https:\/\/explorit.ch\/de\/wp-json\/wp\/v2\/users\/15"}],"replies":[{"embeddable":true,"href":"https:\/\/explorit.ch\/de\/wp-json\/wp\/v2\/comments?post=27190"}],"version-history":[{"count":4,"href":"https:\/\/explorit.ch\/de\/wp-json\/wp\/v2\/pages\/27190\/revisions"}],"predecessor-version":[{"id":27194,"href":"https:\/\/explorit.ch\/de\/wp-json\/wp\/v2\/pages\/27190\/revisions\/27194"}],"up":[{"embeddable":true,"href":"https:\/\/explorit.ch\/de\/wp-json\/wp\/v2\/pages\/10714"}],"wp:attachment":[{"href":"https:\/\/explorit.ch\/de\/wp-json\/wp\/v2\/media?parent=27190"}],"curies":[{"name":"wp","href":"https:\/\/api.w.org\/{rel}","templated":true}]}}